{"id":562,"date":"2024-05-26T16:19:49","date_gmt":"2024-05-26T14:19:49","guid":{"rendered":"https:\/\/www.bison-service.ltd\/?page_id=562"},"modified":"2024-05-26T16:19:54","modified_gmt":"2024-05-26T14:19:54","slug":"unternehmen","status":"publish","type":"page","link":"https:\/\/www.bison-service.ltd\/?page_id=562","title":{"rendered":"Unternehmen"},"content":{"rendered":"\n  \n    <section class=\"u-align-center u-clearfix u-section-1\" id=\"sec-d083\">\n      <div class=\"u-clearfix u-sheet u-sheet-1\">\n        <h2 class=\"u-custom-font u-font-playfair-display u-text u-text-1\"> Die Geschichte\nvon Bison Service \u200band Installation Limited:&nbsp;<br>Eine Reise durch Innovation und Engagement\n        <\/h2>\n      <\/div>\n    <\/section>\n    <section class=\"u-align-center u-clearfix u-section-2\" id=\"sec-3274\">\n      <div class=\"u-clearfix u-sheet u-valign-middle u-sheet-1\">\n        <h4 class=\"u-text u-text-default u-text-1\"> Ihre\nDynamik, Unsere Erfahrung \u2013 Montage und Service von L\u00fcftungsanlagen in Europa\nund der Schweiz<\/h4>\n      <\/div>\n    <\/section>\n    <section class=\"u-align-center u-clearfix u-section-3\" id=\"sec-3d30\">\n      <div class=\"u-clearfix u-sheet u-sheet-1\">\n        <p class=\"u-align-center u-text u-text-1\"> Herzlich willkommen bei \u200bBison\nService and Installation Limited, einem Unternehmen, dessen Wurzeln tief in der Praxis und dem\nStreben nach Exzellenz liegen. Unsere Geschichte ist eine faszinierende Reise\ndurch Innovation und Engagement, die das Fundament unseres Unternehmens bildet. Obwohl unser Unternehmen noch in den\nKinderschuhen steckt, ist unser Gr\u00fcnder stolz darauf, mit \u00fcber 20 Jahren\nBerufserfahrung ein Fundament der Exzellenz zu legen.<\/p>\n      <\/div>\n    <\/section>\n    <section class=\"u-clearfix u-grey-10 u-section-4\" id=\"sec-0f73\">\n      <div class=\"u-clearfix u-sheet u-valign-middle u-sheet-1\">\n        <div class=\"data-layout-selected u-clearfix u-expanded-width u-layout-wrap u-layout-wrap-1\">\n          <div class=\"u-layout\" style=\"\">\n            <div class=\"u-layout-row\" style=\"\">\n              <div class=\"u-container-style u-layout-cell u-left-cell u-size-30 u-layout-cell-1\">\n                <div class=\"u-container-layout u-container-layout-1\">\n                  <h2 class=\"u-custom-font u-font-playfair-display u-text u-text-black u-text-1\"> Unsere\nGeschichte: Leidenschaft trifft auf Erfahrung<\/h2>\n                  <div class=\"u-border-6 u-border-grey-dark-1 u-line u-line-horizontal u-line-1\"><\/div>\n                <\/div>\n              <\/div>\n              <div class=\"u-align-justify u-container-style u-grey-10 u-layout-cell u-right-cell u-size-30 u-layout-cell-2\">\n                <div class=\"u-container-layout u-container-layout-2\">\n                  <p class=\"u-text u-text-black u-text-2\"> Bison Service \u200band Installation Limited wurde mit der klaren Vision gegr\u00fcndet,\nfrischen Wind in die Branche der L\u00fcftungstechnik zu bringen. Unser Gr\u00fcnder, mit\neinem reichen Erfahrungsschatz von mehr als zwei Jahrzehnten, erkannte die\nNotwendigkeit, innovative L\u00f6sungen anzubieten, die nicht nur den aktuellen\nAnforderungen entsprechen, sondern auch zukunftsweisend sind. Ein erfahrener\nFachmann, dessen Wissen im Bereich L\u00fcftungstechnik weit reicht, entschied sich\ndazu, diesen Reichtum an Erfahrung in die Gr\u00fcndung eines neuen Unternehmens zu\ninvestieren.<\/p>\n                <\/div>\n              <\/div>\n            <\/div>\n          <\/div>\n        <\/div>\n      <\/div>\n    <\/section>\n    <section class=\"u-clearfix u-section-5\" id=\"sec-dfcf\">\n      <div class=\"u-clearfix u-sheet u-sheet-1\">\n        <div class=\"u-align-center u-container-style u-expanded-width u-group u-group-1\">\n          <div class=\"u-container-layout u-container-layout-1\">\n            <h2 class=\"u-text u-text-palette-2-base u-text-1\"> Warum\nBison Service \u200band Installation Limited?<\/h2>\n          <\/div>\n        <\/div>\n        <div class=\"data-layout-selected u-clearfix u-expanded-width u-gutter-12 u-layout-wrap u-layout-wrap-1\">\n          <div class=\"u-layout\">\n            <div class=\"u-layout-row\">\n              <div class=\"u-align-left u-container-style u-layout-cell u-left-cell u-size-15 u-size-30-md u-layout-cell-1\">\n                <div class=\"u-container-layout u-valign-top u-container-layout-2\">\n                  <div class=\"u-border-4 u-border-palette-2-base u-line u-line-horizontal u-line-1\"><\/div>\n                  <h4 class=\"u-text u-text-2\"> Junge Dynamik, Erfahrene Leitung:<\/h4>\n                  <p class=\"u-text u-text-grey-50 u-text-3\"> &nbsp;Unser Unternehmen\nmag jung sein, aber wir stehen auf den festen Schultern von mehr als zwei\nJahrzehnten Berufserfahrung. Dieses dynamische Zusammenspiel aus jugendlichem\nElan und bew\u00e4hrter Expertise erm\u00f6glicht es uns, flexibel auf die Bed\u00fcrfnisse\nunserer Kunden einzugehen.&nbsp; &nbsp;&nbsp;<\/p>\n                <\/div>\n              <\/div>\n              <div class=\"u-align-left u-container-style u-layout-cell u-size-15 u-size-30-md u-layout-cell-2\">\n                <div class=\"u-container-layout u-valign-top u-container-layout-3\">\n                  <div class=\"u-border-4 u-border-palette-2-base u-line u-line-horizontal u-line-2\"><\/div>\n                  <h4 class=\"u-text u-text-4\"> Individuelle L\u00f6sungen:&nbsp; &nbsp;&nbsp;<\/h4>\n                  <p class=\"u-text u-text-grey-50 u-text-5\"> Jeder Kunde ist einzigartig. Daher bieten\nwir ma\u00dfgeschneiderte L\u00f6sungen an, die exakt auf die Anforderungen und Ziele\njedes Projekts abgestimmt sind.&nbsp;&nbsp;<\/p>\n                <\/div>\n              <\/div>\n              <div class=\"u-align-left u-container-style u-layout-cell u-size-15 u-size-30-md u-layout-cell-3\">\n                <div class=\"u-container-layout u-valign-top u-container-layout-4\">\n                  <div class=\"u-border-4 u-border-palette-2-base u-line u-line-horizontal u-line-3\"><\/div>\n                  <h4 class=\"u-text u-text-6\"> Transparenz und Kommunikation:&nbsp; &nbsp;&nbsp;<\/h4>\n                  <p class=\"u-text u-text-grey-50 u-text-7\"> Offene\nKommunikation und Transparenz sind f\u00fcr uns grundlegende Werte. Wir halten\nunsere Kunden w\u00e4hrend des gesamten Prozesses auf dem Laufenden, damit sie\nVertrauen in unser Engagement und unsere Arbeit haben k\u00f6nnen.&nbsp; &nbsp;&nbsp;<\/p>\n                <\/div>\n              <\/div>\n              <div class=\"u-align-left u-container-style u-layout-cell u-right-cell u-size-15 u-size-30-md u-layout-cell-4\">\n                <div class=\"u-container-layout u-valign-top u-container-layout-5\">\n                  <div class=\"u-border-4 u-border-palette-2-base u-line u-line-horizontal u-line-4\"><\/div>\n                  <h4 class=\"u-text u-text-8\"> Zuverl\u00e4ssigkeit und P\u00fcnktlichkeit:&nbsp; &nbsp;&nbsp;<\/h4>\n                  <p class=\"u-text u-text-grey-50 u-text-9\"> Wir halten Termine\nein und gew\u00e4hrleisten eine zuverl\u00e4ssige Abwicklung Ihrer Projekte. Ihr\nVertrauen ist uns wichtig, und wir setzen alles daran, es zu rechtfertigen.&nbsp;&nbsp;<\/p>\n                <\/div>\n              <\/div>\n            <\/div>\n          <\/div>\n        <\/div>\n      <\/div>\n    <\/section>\n    <section class=\"u-clearfix u-grey-10 u-section-6\" id=\"sec-be0d\">\n      <div class=\"u-clearfix u-sheet u-valign-middle u-sheet-1\">\n        <div class=\"data-layout-selected u-clearfix u-expanded-width u-layout-wrap u-layout-wrap-1\">\n          <div class=\"u-layout\">\n            <div class=\"u-layout-row\">\n              <div class=\"u-container-style u-layout-cell u-left-cell u-size-30 u-layout-cell-1\">\n                <div class=\"u-container-layout u-valign-top u-container-layout-1\">\n                  <h2 class=\"u-custom-font u-font-playfair-display u-text u-text-black u-text-1\"> Unsere\nVision: Frischer Wind, H\u00f6chste Standards<\/h2>\n                  <div class=\"u-border-6 u-border-grey-dark-1 u-line u-line-horizontal u-line-1\"><\/div>\n                <\/div>\n              <\/div>\n              <div class=\"u-container-style u-layout-cell u-right-cell u-size-30 u-layout-cell-2\">\n                <div class=\"u-container-layout u-valign-top u-container-layout-2\">\n                  <p class=\"u-text u-text-black u-text-2\">&nbsp;\u200b&nbsp; &nbsp; Bison Service and Installation Limited strebt danach, nicht nur qualitativ\nhochwertige Dienstleistungen anzubieten, sondern auch neue Ma\u00dfst\u00e4be in der\nBranche zu setzen. Wir setzen auf Innovation und Nachhaltigkeit, um nicht nur\nden aktuellen, sondern auch den zuk\u00fcnftigen Anforderungen gerecht zu werden.&nbsp;&nbsp;<\/p>\n                <\/div>\n              <\/div>\n            <\/div>\n          <\/div>\n        <\/div>\n      <\/div>\n    <\/section>\n    <section class=\"u-align-center u-clearfix u-section-7\" id=\"sec-30e9\">\n      <div class=\"u-clearfix u-sheet u-valign-middle u-sheet-1\">\n        <h1 class=\"u-custom-font u-font-playfair-display u-text u-text-1\"> Kontaktieren\nSie Uns: Gemeinsam Stark<\/h1>\n        <p class=\"u-text u-text-2\"> Wenn Sie nach\neinem Partner suchen, der die Dynamik der Jugend mit der Erfahrung eines\nBranchenveteranen verbindet, dann sind Sie bei Bison Service Ltd. genau\nrichtig. Kontaktieren Sie uns f\u00fcr weitere Informationen, pers\u00f6nliche Beratung\noder ein unverbindliches Angebot. Gemeinsam gestalten wir eine Zukunft, in der\nfrischer Wind auf bew\u00e4hrte Qualit\u00e4t trifft!\n&nbsp;&nbsp;<br>\n          <br>Bison Service\nLtd. l\u00e4dt Sie ein, Teil dieser Geschichte zu sein. Kontaktieren Sie uns f\u00fcr\nma\u00dfgeschneiderte L\u00f6sungen, innovative Projekte und einen Service, der nicht nur\nLuft bewegt, sondern auch die Erwartungen \u00fcbertrifft. Lassen Sie uns gemeinsam\ndie n\u00e4chste Phase der L\u00fcftungstechnik gestalten!\n        <\/p>\n      <\/div>\n    <\/section>\n    \n    \n    \n    \n    \n    \n    \n    \n    \n  \n","protected":false},"excerpt":{"rendered":"<p>Die Geschichte von Bison Service \u200band Installation Limited:&nbsp;Eine Reise durch Innovation und Engagement Ihre Dynamik, Unsere Erfahrung \u2013 Montage und Service von L\u00fcftungsanlagen in Europa und der Schweiz Herzlich willkommen bei \u200bBison Service and Installation Limited, einem Unternehmen, dessen Wurzeln tief in der Praxis und dem Streben nach Exzellenz liegen. Unsere Geschichte ist eine faszinierende &hellip; <a href=\"https:\/\/www.bison-service.ltd\/?page_id=562\" class=\"more-link\">Continue reading<span class=\"screen-reader-text\"> &#8222;Unternehmen&#8220;<\/span><\/a><\/p>\n","protected":false},"author":1,"featured_media":0,"parent":0,"menu_order":19,"comment_status":"closed","ping_status":"closed","template":"","meta":{"footnotes":""},"class_list":["post-562","page","type-page","status-publish","hentry"],"_links":{"self":[{"href":"https:\/\/www.bison-service.ltd\/index.php?rest_route=\/wp\/v2\/pages\/562","targetHints":{"allow":["GET"]}}],"collection":[{"href":"https:\/\/www.bison-service.ltd\/index.php?rest_route=\/wp\/v2\/pages"}],"about":[{"href":"https:\/\/www.bison-service.ltd\/index.php?rest_route=\/wp\/v2\/types\/page"}],"author":[{"embeddable":true,"href":"https:\/\/www.bison-service.ltd\/index.php?rest_route=\/wp\/v2\/users\/1"}],"replies":[{"embeddable":true,"href":"https:\/\/www.bison-service.ltd\/index.php?rest_route=%2Fwp%2Fv2%2Fcomments&post=562"}],"version-history":[{"count":1,"href":"https:\/\/www.bison-service.ltd\/index.php?rest_route=\/wp\/v2\/pages\/562\/revisions"}],"predecessor-version":[{"id":590,"href":"https:\/\/www.bison-service.ltd\/index.php?rest_route=\/wp\/v2\/pages\/562\/revisions\/590"}],"wp:attachment":[{"href":"https:\/\/www.bison-service.ltd\/index.php?rest_route=%2Fwp%2Fv2%2Fmedia&parent=562"}],"curies":[{"name":"wp","href":"https:\/\/api.w.org\/{rel}","templated":true}]}}