{"id":560,"date":"2024-05-26T16:19:47","date_gmt":"2024-05-26T14:19:47","guid":{"rendered":"https:\/\/www.bison-service.ltd\/?page_id=560"},"modified":"2024-05-26T16:19:53","modified_gmt":"2024-05-26T14:19:53","slug":"bsk-ueberpruefung","status":"publish","type":"page","link":"https:\/\/www.bison-service.ltd\/?page_id=560","title":{"rendered":"BSK \u00dcberpr\u00fcfung"},"content":{"rendered":"\n  \n    <section class=\"u-clearfix u-section-1\" id=\"sec-be19\">\n      <div class=\"u-clearfix u-sheet u-sheet-1\">\n        <p class=\"u-align-center u-heading-font u-text u-text-1\"> Sorgf\u00e4ltige Inspektion von Brandschutzklappen gem\u00e4\u00df technischer Standards.<\/p>\n      <\/div>\n    <\/section>\n    <section class=\"u-clearfix u-grey-5 u-section-2\" id=\"sec-ea2e\">\n      <div class=\"u-clearfix u-sheet u-sheet-1\">\n        <p class=\"u-align-center u-heading-font u-text u-text-custom-color-3 u-text-1\"> Unser Service gew\u00e4hrleistet Ihre Sicherheit<\/p>\n        <p class=\"u-align-justify u-heading-font u-text u-text-body-color u-text-2\">Unsere Dienstleistungen umfassen die gr\u00fcndliche Inspektion und Pr\u00fcfung von Brandschutzklappen nach den strengen Vorgaben der \u00d6NORM H6031. F\u00fcr eine transparente und nachvollziehbare Dokumentation nutzen wir speziell entwickelte Checklisten, die den Anforderungen der \u00d6NORM H6031 entsprechen. Diese Checklisten stellen wir unseren Kunden sowohl in gedruckter als auch in elektronischer Form zur Verf\u00fcgung. Ganz gleich, ob eine einzelne Brandschutzklappe oder mehr als 800 \u00fcberpr\u00fcft werden m\u00fcssen \u2013 wir gew\u00e4hrleisten stets den vollen \u00dcberblick und h\u00f6chste Genauigkeit. <br>\n          <br>Sollten M\u00e4ngel festgestellt werden, erhalten unsere Kunden eine ausf\u00fchrliche Handlungsempfehlung in Form eines Gutachtens und einer detaillierten Dokumentation. Dank unseres weitreichenden Netzwerks sind wir in der Lage, nicht nur Probleme zu identifizieren, sondern auch s\u00e4mtliche Anforderungen in den Bereichen Hygiene und Brandschutz in L\u00fcftungsanlagen kompetent zu erf\u00fcllen. Vertrauen Sie auf unsere Expertise f\u00fcr Ihre Sicherheit.\n        <\/p>\n      <\/div>\n    <\/section>\n    <section class=\"u-clearfix u-grey-5 u-section-3\" id=\"sec-b92f\">\n      <div class=\"u-clearfix u-sheet u-valign-middle u-sheet-1\">\n        <p class=\"u-align-center u-heading-font u-text u-text-custom-color-3 u-text-1\"> \"Brandschutzklappe - Gepr\u00fcft und Sicher!\"<\/p>\n        <p class=\"u-align-justify u-heading-font u-text u-text-black u-text-2\"> Bei genauerer Betrachtung kann die vermeintlich einfache \u00dcberpr\u00fcfung einer Brandschutzklappe gem\u00e4\u00df den Anforderungen der \u00d6NORM H6031 alarmierende Ergebnisse offenbaren. Es kommt h\u00e4ufig vor, dass Brandschutzklappen als \"fachgerecht \u00fcberpr\u00fcft\" eingestuft werden, obwohl sie entweder nicht zug\u00e4nglich sind oder nicht ordnungsgem\u00e4\u00df funktionieren. Um Klarheit und Aufkl\u00e4rung zu schaffen, m\u00f6chten wir unseren Kunden im Folgenden den vollen Umfang unserer Dienstleistungen erl\u00e4utern, die f\u00fcr eine ordnungsgem\u00e4\u00dfe Pr\u00fcfung einer Brandschutzklappe gem\u00e4\u00df \u00d6NORM H6031 erforderlich sind.<\/p>\n      <\/div>\n    <\/section>\n    <section class=\"u-clearfix u-image u-shading u-section-4\" id=\"sec-da15\" data-image-width=\"5456\" data-image-height=\"3632\" style=\"background-image: linear-gradient(0deg, rgba(255, 255, 255, 0.8), rgba(255, 255, 255, 0.8)), url(&quot;https:\/\/www.bison-service.ltd\/wp-content\/uploads\/2024\/05\/DSC05686-1.jpg&quot;);\">\n      <div class=\"u-clearfix u-sheet u-valign-middle u-sheet-1\">\n        <p class=\"u-text u-text-black u-text-1\">\n          <span style=\"font-size: 1.125rem;\"><\/span> Die <span style=\"font-weight: 700;\" class=\"u-text-palette-2-base\">visuelle Kontrolle<\/span> einer Brandschutzklappe umfasst\nmehrere wichtige Aspekte, die sicherstellen sollen, dass die Klappen\nordnungsgem\u00e4\u00df installiert und betriebsbereit sind.&nbsp;<br>\n          <br>\n          <span style=\"font-weight: 700;\"> Zu den \u00fcberpr\u00fcften Punkten geh\u00f6ren: <br>\n          <\/span>\n          <br> 1. \u00dcbereinstimmung mit den letztg\u00fcltigen Bestandspl\u00e4nen&nbsp;<br> 2. Feststellung von relevanten baulichen Ver\u00e4nderungen oder\nAnlagen\u00e4nderungen<br> 3. Brandschutzklappenausf\u00fchrung gem\u00e4\u00df Pr\u00fcfbericht (K90) oder Klassifizierungsbericht\n\/ Leistungserkl\u00e4rung (EI90)<br> 4. Einbau gem\u00e4\u00df \u00d6NORM H 6031 und Herstellerangaben<br> 5. Abschluss zwischen BSK und Bauk\u00f6rper<br> 6. Klassifizierung \"K90\" oder \"EI90\"<br> 7. \u00dcA-Kennzeichnung oder CE-Kennzeichnung<br> 8. Angabe des Herstellers<br> 9. Korrosion \/ Verschmutzung<br> 10. Zustand des Klappenblattes und der Dichtungen<br> 11. Klappenidentifikation innerhalb der Anlage<br> 12. Endschalter, Motor \/ Antrieb und Anschl\u00fcsse<br> 13. Klemmkasten und Verkabelung&nbsp;&nbsp;<br>\n        <\/p>\n      <\/div>\n    <\/section>\n    <section class=\"skrollable u-clearfix u-white u-section-5\" id=\"sec-3321\">\n      <div class=\"u-clearfix u-sheet u-sheet-1\">\n        <p class=\"u-text u-text-black u-text-1\">\n          <span style=\"font-size: 1.125rem;\"><\/span> Die <span style=\"font-weight: 700;\" class=\"u-text-palette-2-base\">funktionelle Kontrolle<\/span> einer Brandschutzklappe\numfasst verschiedene Schritte, um sicherzustellen, dass&nbsp;<br>die Klappe\nordnungsgem\u00e4\u00df funktioniert und im Falle eines Brandes ihre Schutzfunktion\nerf\u00fcllen kann.&nbsp;<br>\n          <br>\n          <span style=\"font-weight: 700;\"> &nbsp;Zu den \u00fcberpr\u00fcften Punkten geh\u00f6ren: <\/span>\n          <span style=\"font-weight: 700;\">\n            <br>\n          <\/span>\n          <br> 1. Mindestens dreimaliges Schlie\u00dfen der Klappe (in Anwesenheit vor Ort)<br> 2. Einwandfreies \/ leichtg\u00e4ngiges \u00d6ffnen und Schlie\u00dfen des Verschlusselementes\n(visuelle \/ akustische Beurteilung)<br> 3. Elektrische Fernausl\u00f6sung und \u00d6ffnen der Klappe \u00fcber die zentrale\nBrandmeldeanlage, wenn technisch M\u00f6glich<br> 4. Kontrolle der optischen Anzeige \"geschlossen\" und\n\"offen\" an der BSK;<br>&nbsp; &nbsp; \u00dcberpr\u00fcfung der Meldung der Endschalter und\ns\u00e4mtlicher Kontrollanzeigen<br> 5. \u00dcberpr\u00fcfung der Haltefunktion in der Sicherheitsstellung bzw. Fixierung des\nVerschlusses nach Erreichen&nbsp;<br>&nbsp; &nbsp; der Sicherheitsstellung<br>\n          <br> Durch diese funktionelle Kontrolle wird sichergestellt, dass die\nBrandschutzklappe im Ernstfall ordnungsgem\u00e4\u00df funktioniert und dazu beitr\u00e4gt,\ndie Ausbreitung von Feuer und Rauch in einem Geb\u00e4ude zu verhindern.&nbsp;&nbsp;\n        <\/p>\n      <\/div>\n    <\/section>\n    <section class=\"u-clearfix u-grey-5 u-section-6\" id=\"sec-e63b\">\n      <div class=\"u-clearfix u-sheet u-sheet-1\">\n        <p class=\"u-align-center u-heading-font u-text u-text-custom-color-3 u-text-1\"> \u00dcberpr\u00fcfung und Protokollierung von Brandschutzklappen w\u00e4hrend der Ausf\u00fchrung <\/p>\n      <\/div>\n    <\/section>\n    <section class=\"u-clearfix u-grey-5 u-section-7\" id=\"sec-e38c\">\n      <div class=\"u-clearfix u-sheet u-sheet-1\">\n        <p class=\"u-text u-text-1\"> M\u00e4ngel die bei einer \u00dcberpr\u00fcfung festgestellt wurden.<br>\n          <br>- Klappenblatt ausserhalb vom Brandschott<br>- Klappenblatt gebrochen<br>- Kaltrauchdichtung defekt<br>- M\u00fcll im L\u00fcftungsnetz f\u00fchrt zu Funktionsst\u00f6rungen der Brandschutzklappe\n        <\/p>\n      <\/div>\n    <\/section>\n    <section class=\"u-align-center u-clearfix u-container-align-center u-grey-5 u-section-8\" id=\"sec-c36e\">\n      <div class=\"u-clearfix u-sheet u-valign-middle u-sheet-1\">\n        <div class=\"u-expanded-width u-gallery u-layout-grid u-lightbox u-show-text-on-hover u-gallery-1\">\n          <div class=\"u-gallery-inner u-gallery-inner-1\">\n            <div class=\"u-effect-fade u-gallery-item\">\n              <div class=\"u-back-slide\" data-image-width=\"991\" data-image-height=\"708\">\n                <img decoding=\"async\" class=\"u-back-image u-expanded\" src=\"https:\/\/www.bison-service.ltd\/wp-content\/uploads\/2024\/05\/BSK-berprfungsprotokoll-Vorlage2-1.jpg\">\n              <\/div>\n              <div class=\"u-over-slide u-shading u-over-slide-1\"><\/div>\n            <\/div>\n            <div class=\"u-effect-fade u-gallery-item\">\n              <div class=\"u-back-slide\" data-image-width=\"1024\" data-image-height=\"768\">\n                <img decoding=\"async\" class=\"u-back-image u-expanded\" src=\"https:\/\/www.bison-service.ltd\/wp-content\/uploads\/2024\/05\/IMG_20230718_1036320432-1.jpg\">\n              <\/div>\n              <div class=\"u-over-slide u-shading u-over-slide-2\"><\/div>\n            <\/div>\n            <div class=\"u-effect-fade u-gallery-item\">\n              <div class=\"u-back-slide\" data-image-width=\"1024\" data-image-height=\"768\">\n                <img decoding=\"async\" class=\"u-back-image u-expanded\" src=\"https:\/\/www.bison-service.ltd\/wp-content\/uploads\/2024\/05\/IMG_20230628_143114274_HDR2-1.jpg\">\n              <\/div>\n              <div class=\"u-over-slide u-shading u-over-slide-3\"><\/div>\n            <\/div>\n            <div class=\"u-effect-fade u-gallery-item\">\n              <div class=\"u-back-slide\" data-image-width=\"768\" data-image-height=\"1024\">\n                <img decoding=\"async\" class=\"u-back-image u-expanded\" src=\"https:\/\/www.bison-service.ltd\/wp-content\/uploads\/2024\/05\/IMG_20230628_100533667-1.jpg\">\n              <\/div>\n              <div class=\"u-over-slide u-shading u-over-slide-4\"><\/div>\n            <\/div>\n            <div class=\"u-effect-fade u-gallery-item\">\n              <div class=\"u-back-slide\" data-image-width=\"2624\" data-image-height=\"2060\">\n                <img decoding=\"async\" class=\"u-back-image u-expanded\" src=\"https:\/\/www.bison-service.ltd\/wp-content\/uploads\/2024\/05\/Unbenannt-1-1.jpg\">\n              <\/div>\n              <div class=\"u-over-slide u-shading u-over-slide-5\"><\/div>\n            <\/div>\n            <div class=\"u-effect-fade u-gallery-item\">\n              <div class=\"u-back-slide\" data-image-width=\"1024\" data-image-height=\"768\">\n                <img decoding=\"async\" class=\"u-back-image u-expanded\" src=\"https:\/\/www.bison-service.ltd\/wp-content\/uploads\/2024\/05\/IMG_20230714_092731017-1.jpg\">\n              <\/div>\n              <div class=\"u-over-slide u-shading u-over-slide-6\"><\/div>\n            <\/div>\n          <\/div>\n        <\/div>\n      <\/div>\n    <\/section>\n    \n    \n    \n    \n    \n    \n    \n    \n    \n  \n","protected":false},"excerpt":{"rendered":"<p>Sorgf\u00e4ltige Inspektion von Brandschutzklappen gem\u00e4\u00df technischer Standards. Unser Service gew\u00e4hrleistet Ihre Sicherheit Unsere Dienstleistungen umfassen die gr\u00fcndliche Inspektion und Pr\u00fcfung von Brandschutzklappen nach den strengen Vorgaben der \u00d6NORM H6031. F\u00fcr eine transparente und nachvollziehbare Dokumentation nutzen wir speziell entwickelte Checklisten, die den Anforderungen der \u00d6NORM H6031 entsprechen. Diese Checklisten stellen wir unseren Kunden sowohl in &hellip; <a href=\"https:\/\/www.bison-service.ltd\/?page_id=560\" class=\"more-link\">Continue reading<span class=\"screen-reader-text\"> &#8222;BSK \u00dcberpr\u00fcfung&#8220;<\/span><\/a><\/p>\n","protected":false},"author":1,"featured_media":0,"parent":0,"menu_order":17,"comment_status":"closed","ping_status":"closed","template":"","meta":{"footnotes":""},"class_list":["post-560","page","type-page","status-publish","hentry"],"_links":{"self":[{"href":"https:\/\/www.bison-service.ltd\/index.php?rest_route=\/wp\/v2\/pages\/560","targetHints":{"allow":["GET"]}}],"collection":[{"href":"https:\/\/www.bison-service.ltd\/index.php?rest_route=\/wp\/v2\/pages"}],"about":[{"href":"https:\/\/www.bison-service.ltd\/index.php?rest_route=\/wp\/v2\/types\/page"}],"author":[{"embeddable":true,"href":"https:\/\/www.bison-service.ltd\/index.php?rest_route=\/wp\/v2\/users\/1"}],"replies":[{"embeddable":true,"href":"https:\/\/www.bison-service.ltd\/index.php?rest_route=%2Fwp%2Fv2%2Fcomments&post=560"}],"version-history":[{"count":1,"href":"https:\/\/www.bison-service.ltd\/index.php?rest_route=\/wp\/v2\/pages\/560\/revisions"}],"predecessor-version":[{"id":588,"href":"https:\/\/www.bison-service.ltd\/index.php?rest_route=\/wp\/v2\/pages\/560\/revisions\/588"}],"wp:attachment":[{"href":"https:\/\/www.bison-service.ltd\/index.php?rest_route=%2Fwp%2Fv2%2Fmedia&parent=560"}],"curies":[{"name":"wp","href":"https:\/\/api.w.org\/{rel}","templated":true}]}}