{"id":549,"date":"2024-05-26T16:19:36","date_gmt":"2024-05-26T14:19:36","guid":{"rendered":"https:\/\/www.bison-service.ltd\/?page_id=549"},"modified":"2025-11-17T18:45:42","modified_gmt":"2025-11-17T17:45:42","slug":"impressum","status":"publish","type":"page","link":"https:\/\/www.bison-service.ltd\/?page_id=549","title":{"rendered":"Impressum"},"content":{"rendered":"\n  \n    \n    <section class=\"u-clearfix u-section-2\" id=\"sec-68dd\">\n      <div class=\"u-clearfix u-sheet u-sheet-1\">\n        <h1 class=\"u-align-center u-text u-text-1\"> Impressum der Bison Service and Installation Limited<\/h1>\n        <div class=\"u-border-1 u-border-grey-15 u-expanded-width u-line u-line-horizontal u-line-1\"><\/div>\n      <\/div>\n    <\/section>\n    <section class=\"u-clearfix u-section-3\" id=\"sec-6247\">\n      <div class=\"u-clearfix u-sheet u-valign-middle-md u-valign-middle-sm u-sheet-1\">\n        <p class=\"u-text u-text-default-lg u-text-default-md u-text-default-sm u-text-default-xl u-text-1\"><span style=\"font-weight: 700; text-decoration: underline !important;\"> Hauptsitz \/ Steuersitz \/ Erf\u00fcllungsort:<\/span>\n          <br>Head office \/ tax domicile \/ place of performance<br>\n          <br> Bison Service and Installation Limited<br>\n          <br> 6 Fern Road <br>Sandyford Business Park <br>Dublin 18, D18 FP98 <br>Irland<br>\n          <br>Telefon:&nbsp; &nbsp; &nbsp; &nbsp; &nbsp; &nbsp; &nbsp; &nbsp; &nbsp; &nbsp; &nbsp; &nbsp; &nbsp; &nbsp; &nbsp; &nbsp;\u200b\u200b+353 83 065 9589 <br>\n          <br>Email:&nbsp; &nbsp; &nbsp; &nbsp; &nbsp; &nbsp; &nbsp; &nbsp; &nbsp; &nbsp; &nbsp; &nbsp; &nbsp; &nbsp; &nbsp; &nbsp; &nbsp; &nbsp;Impressum@bison-service.ltd<br>Homepage:<a href=\"https:\/\/www.bison-service.ltd\/\" class=\"u-active-none u-border-none u-btn u-button-link u-button-style u-hover-none u-none u-text-black u-btn-1\">&nbsp; &nbsp; &nbsp; &nbsp; &nbsp; &nbsp; &nbsp; &nbsp; &nbsp; &nbsp; &nbsp; &nbsp; &nbsp;www.Bison-Service.Ltd<\/a>&nbsp;\/&nbsp;.eu<br>\n          <br>Company Number IE:&nbsp; &nbsp; &nbsp; &nbsp;763839 \n        <\/p>\n        <img decoding=\"async\" class=\"u-image u-image-contain u-image-default u-image-1\" src=\"https:\/\/www.bison-service.ltd\/wp-content\/uploads\/2024\/05\/Logobisonknstlerisch-7.png\" alt=\"\" data-image-width=\"1024\" data-image-height=\"627\">\n      <\/div>\n    <\/section>\n    <section class=\"u-clearfix u-section-4\" id=\"sec-e425\">\n      <div class=\"u-clearfix u-sheet u-valign-middle u-sheet-1\">\n        <p class=\"u-text u-text-default u-text-1\"><span style=\"font-weight: 700; text-decoration: underline !important;\"> Zweigniederlassungen \/ Branch:<\/span>\n          <br>\n          <br> Bison Service and Installation Limited<br>\n          <br>\n          <br>Telefon:&nbsp; &nbsp; &nbsp; &nbsp; &nbsp; &nbsp; &nbsp; &nbsp; &nbsp; &nbsp; &nbsp; &nbsp; &nbsp; &nbsp; &nbsp; &nbsp; &nbsp; \u200b\u200b+353 83 065 9589 <br>Email:&nbsp; &nbsp; &nbsp; &nbsp; &nbsp; &nbsp; &nbsp; &nbsp; &nbsp; &nbsp; &nbsp; &nbsp; &nbsp; &nbsp; &nbsp; &nbsp; &nbsp; &nbsp; &nbsp; Impressum@bison-service.ltd<br>Homepage:&nbsp; &nbsp; &nbsp; &nbsp; &nbsp; &nbsp; &nbsp; &nbsp; &nbsp; &nbsp; &nbsp; &nbsp; &nbsp; &nbsp; www.Bison-Service.Ltd \/ .eu <br>\n          <br>Handelsregistereintrag:<br>MWST-Nummer: &nbsp; &nbsp; &nbsp; &nbsp; &nbsp; &nbsp; &nbsp; &nbsp; &nbsp; &nbsp; \u200b\u200bCHE-486.912.948\n        <\/p>\n      <\/div>\n    <\/section>\n    <section class=\"u-clearfix u-section-5\" id=\"sec-8135\">\n      <div class=\"u-clearfix u-sheet u-sheet-1\">\n        <p class=\"u-text u-text-1\"> Diese Website ist ein Werk von Bison Service \u200band Installation Limited&nbsp;<br>Alle Dienstleistungen werden von Bison Service \u200band Installation Limited&nbsp; und anderen Gruppenunternehmen der Bison Service Ltd. angeboten und ausgef\u00fchrt.<br>Die Bison Service \u200band Installation Limited ist in IE registriert. Geltendes Recht ist IE-Recht. Unser Verwaltungssitz ist<br>IE als auch die Schweiz mit der Zweigniederlassung.<br>\n          <br><span style=\"text-decoration: underline !important;\">Verantwortlich f\u00fcr den Inhalt:<\/span>\n          <br>Alle Texte auf dieser Website wurden von Hr. Schmidt selbst oder unter seiner Herausgeberschaft verfasst. Die ersten Texte entstanden 2023 und wurden seit dem laufend \u00fcberarbeitet und erweitert.<br>\n          <br>Textstellen in der ersten Person (\u201cich\u201d, \u201cmir\u201d, \u201cYours Truly\u201d) beziehen sich immer auf Herrn Schmidt. Herr Schmidt gibt seine pers\u00f6nliche Meinung wieder, die nicht unbedingt die Meinung der genannten Unternehmen repr\u00e4sentiert.<br>\n          <br>Der Gesch\u00e4ftsf\u00fchrer und gleichzeitig auch Gesellschafter Hr. Markus Schmidt h\u00e4lt 100% der Firmenanteile. \n        <\/p>\n      <\/div>\n    <\/section>\n    <section class=\"u-clearfix u-section-6\" id=\"sec-6f0d\">\n      <div class=\"u-clearfix u-sheet u-sheet-1\">\n        <p class=\"u-text u-text-default u-text-1\"> Registereintrag:\n&nbsp; <br>\n          <br> Eintragung im Handelsregister. <br>Registergericht: Dublin, Irland <br>Registernummer: 763839\n&nbsp;<br>\n          <br><span style=\"font-weight: 700;\">Haftung f\u00fcr Inhalte\n&nbsp; <\/span>\n          <br>\n          <br> Als Diensteanbieter sind wir gem\u00e4\u00df \u00a7 7 Abs.1 TMG f\u00fcr\neigene Inhalte auf diesen Seiten nach den allgemeinen Gesetzen verantwortlich.\nNach \u00a7\u00a7 8 bis 10 TMG sind wir als Diensteanbieter jedoch nicht verpflichtet,\n\u00fcbermittelte oder gespeicherte fremde Informationen zu \u00fcberwachen oder nach\nUmst\u00e4nden zu forschen, die auf eine rechtswidrige T\u00e4tigkeit hinweisen.\nVerpflichtungen zur Entfernung oder Sperrung der Nutzung von Informationen nach\nden allgemeinen Gesetzen bleiben hiervon unber\u00fchrt. Eine diesbez\u00fcgliche Haftung\nist jedoch erst ab dem Zeitpunkt der Kenntnis einer konkreten Rechtsverletzung\nm\u00f6glich. Bei Bekanntwerden von entsprechenden Rechtsverletzungen werden wir\ndiese Inhalte umgehend entfernen.\n&nbsp; <br>\n          <br><span style=\"font-weight: 700;\">Haftung f\u00fcr Links\n&nbsp; <\/span>\n          <br>\n          <br>Unser Angebot enth\u00e4lt Links zu externen Webseiten\nDritter, auf deren Inhalte wir keinen Einfluss haben. Deshalb k\u00f6nnen wir f\u00fcr\ndiese fremden Inhalte auch keine Gew\u00e4hr \u00fcbernehmen. F\u00fcr die Inhalte der\nverlinkten Seiten ist stets der jeweilige Anbieter oder Betreiber der Seiten\nverantwortlich.\n&nbsp; <br>\n          <br><span style=\"font-weight: 700;\">Urheberrecht\n&nbsp; <\/span>\n          <br>\n          <br> Die durch die Seitenbetreiber erstellten Inhalte und\nWerke auf diesen Seiten unterliegen dem Urheberrecht. Die Vervielf\u00e4ltigung,\nBearbeitung, Verbreitung und jede Art der Verwertung au\u00dferhalb der Grenzen des\nUrheberrechts bed\u00fcrfen der schriftlichen Zustimmung des jeweiligen Autors bzw.\nErstellers. Downloads und Kopien dieser Seite sind nur f\u00fcr den privaten, nicht\nkommerziellen Gebrauch gestattet. Soweit die Inhalte auf dieser Seite nicht vom\nBetreiber erstellt wurden, werden die Urheberrechte Dritter beachtet.\nInsbesondere werden Inhalte Dritter als solche gekennzeichnet. Sollten Sie\ntrotzdem auf eine Urheberrechtsverletzung aufmerksam werden, bitten wir um\neinen entsprechenden Hinweis. Bei Bekanntwerden von Rechtsverletzungen werden\nwir derartige Inhalte umgehend entfernen.<br>\n          <br> Wir sind weder\nbereit noch verpflichtet, an Streitbeilegungsverfahren vor Verbraucherschlichtungsstellen\nteilzunehmen. <br>Plattform der EU\nzur au\u00dfergerichtlichen Onlinestreitbeilegung:<br>\n          <a href=\"http:\/\/ec.europa.eu\/consumers\/odr\/\" class=\"u-active-none u-border-none u-btn u-button-style u-hover-none u-none u-text-palette-1-base u-btn-1\">\n            <br>\n          <\/a>\n          <a href=\"http:\/\/ec.europa.eu\/consumers\/odr\/\" class=\"u-active-none u-border-none u-btn u-button-style u-hover-none u-none u-text-palette-1-base u-btn-2\">http:\/\/ec.europa.eu\/consumers\/odr\/<\/a>. \n        <\/p>\n      <\/div>\n    <\/section>\n    \n    \n    \n    \n    \n    \n    \n    \n  \n","protected":false},"excerpt":{"rendered":"<p>Impressum der Bison Service and Installation Limited Hauptsitz \/ Steuersitz \/ Erf\u00fcllungsort: Head office \/ tax domicile \/ place of performance Bison Service and Installation Limited 6 Fern Road Sandyford Business Park Dublin 18, D18 FP98 Irland Telefon:&nbsp; &nbsp; &nbsp; &nbsp; &nbsp; &nbsp; &nbsp; &nbsp; &nbsp; &nbsp; &nbsp; &nbsp; &nbsp; &nbsp; &nbsp; &nbsp;\u200b\u200b+353 83 065 &hellip; <a href=\"https:\/\/www.bison-service.ltd\/?page_id=549\" class=\"more-link\">Continue reading<span class=\"screen-reader-text\"> &#8222;Impressum&#8220;<\/span><\/a><\/p>\n","protected":false},"author":1,"featured_media":0,"parent":0,"menu_order":6,"comment_status":"closed","ping_status":"closed","template":"","meta":{"footnotes":""},"class_list":["post-549","page","type-page","status-publish","hentry"],"_links":{"self":[{"href":"https:\/\/www.bison-service.ltd\/index.php?rest_route=\/wp\/v2\/pages\/549","targetHints":{"allow":["GET"]}}],"collection":[{"href":"https:\/\/www.bison-service.ltd\/index.php?rest_route=\/wp\/v2\/pages"}],"about":[{"href":"https:\/\/www.bison-service.ltd\/index.php?rest_route=\/wp\/v2\/types\/page"}],"author":[{"embeddable":true,"href":"https:\/\/www.bison-service.ltd\/index.php?rest_route=\/wp\/v2\/users\/1"}],"replies":[{"embeddable":true,"href":"https:\/\/www.bison-service.ltd\/index.php?rest_route=%2Fwp%2Fv2%2Fcomments&post=549"}],"version-history":[{"count":10,"href":"https:\/\/www.bison-service.ltd\/index.php?rest_route=\/wp\/v2\/pages\/549\/revisions"}],"predecessor-version":[{"id":1422,"href":"https:\/\/www.bison-service.ltd\/index.php?rest_route=\/wp\/v2\/pages\/549\/revisions\/1422"}],"wp:attachment":[{"href":"https:\/\/www.bison-service.ltd\/index.php?rest_route=%2Fwp%2Fv2%2Fmedia&parent=549"}],"curies":[{"name":"wp","href":"https:\/\/api.w.org\/{rel}","templated":true}]}}