{"id":548,"date":"2024-05-26T16:19:35","date_gmt":"2024-05-26T14:19:35","guid":{"rendered":"https:\/\/www.bison-service.ltd\/?page_id=548"},"modified":"2024-07-24T15:43:20","modified_gmt":"2024-07-24T13:43:20","slug":"datenschutz","status":"publish","type":"page","link":"https:\/\/www.bison-service.ltd\/?page_id=548","title":{"rendered":"Datenschutz"},"content":{"rendered":"\n  \n    \n    <section class=\"u-clearfix u-grey-5 u-section-2\" id=\"sec-f6e5\">\n      <div class=\"u-clearfix u-sheet u-sheet-1\">\n        <h3 class=\"u-text u-text-1\"><b>Erkl\u00e4rung zur\nInformationspflicht<\/b>\n        <\/h3>\n        <p class=\"u-align-center u-text u-text-2\"><b>Datenschutzerkl\u00e4rung<\/b>\n        <\/p>\n        <p class=\"u-text u-text-3\"> &nbsp; &nbsp; In folgender Datenschutzerkl\u00e4rung informieren wir Sie\n\u00fcber die wichtigsten Aspekte der Datenverarbeitung im Rahmen unserer Webseite.\nWir erheben und verarbeiten personenbezogene Daten nur auf Grundlage der\ngesetzlichen Bestimmungen (Datenschutzgrundverordnung, Telekommunikationsgesetz\n2003).&nbsp; &nbsp;&nbsp;<br>\n          <br>Sobald Sie als Benutzer auf unsere Webseite zugreifen\noder diese besuchen wird Ihre IP-Adresse, Beginn sowie Beginn und Ende der\nSitzung erfasst. Dies ist technisch bedingt und stellt somit ein berechtigtes\nInteresse iSv Art 6 Abs 1 lit f DSGVO.&nbsp; &nbsp;&nbsp;<br>\n          <br><b>Kontakt mit uns<\/b><b><\/b>&nbsp; &nbsp;&nbsp;<br>\n          <br>Wenn Sie uns, entweder \u00fcber unser Kontaktformular auf\nunserer Webseite, oder per Email kontaktieren, dann werden die von Ihnen an uns\n\u00fcbermittelten Daten zwecks Bearbeitung Ihrer Anfrage oder f\u00fcr den Fall von weiteren\nAnschlussfragen f\u00fcr sechs Monate bei uns gespeichert. Es erfolgt, ohne Ihre\nEinwilligung, keine Weitergabe Ihrer \u00fcbermittelten Daten.\n&nbsp;&nbsp;<br>\n          <br><b>Cookies<\/b><b><\/b>&nbsp; &nbsp;&nbsp;<br>\n          <br>Unsere Website verwendet so genannte Cookies. Dabei\nhandelt es sich um kleine Textdateien, die mit Hilfe des Browsers auf Ihrem\nEndger\u00e4t abgelegt werden. Sie richten keinen Schaden an. Wir nutzen Cookies\ndazu, unser Angebot nutzerfreundlich zu gestalten. Einige Cookies bleiben auf\nIhrem Endger\u00e4t gespeichert, bis Sie diese l\u00f6schen. Sie erm\u00f6glichen es uns,\nIhren Browser beim n\u00e4chsten Besuch wiederzuerkennen. Wenn Sie dies nicht\nw\u00fcnschen, so k\u00f6nnen Sie Ihren Browser so einrichten, dass er Sie \u00fcber das\nSetzen von Cookies informiert und Sie dies nur im Einzelfall erlauben. Bei der\nDeaktivierung von Cookies kann die Funktionalit\u00e4t unserer Website eingeschr\u00e4nkt\nsein.\n&nbsp;&nbsp;<br>\n          <br><b>Google Maps<\/b><b><\/b>&nbsp; &nbsp;&nbsp;<br>\n          <br>Unsere Website verwendet Funktionen des Webkartendienstes\n\u201eGoogle Maps\u201c. Der Dienstanbieter dieser Funktion ist:&nbsp; &nbsp;&nbsp;<br>\n          <br>Google Ireland Limited Gordon House, Barrow Street Dublin\n4. Ireland. Tel: +353 1 543 1000&nbsp;&nbsp;<br>&nbsp;&nbsp;<br>Im Zuge der Nutzung von Google Maps ist es notwendig Ihre\nIP-Adresse zu speichern und zu verarbeiten. Google \u00fcbertr\u00e4gt in der Regel an\neinen Server in den USA und speichert die Daten dort. Die Verarbeitung\ngeschieht durch den Diensteanbieter (oben genannt), der Betreiber dieser\nHomepage hat keinen Einfluss auf die \u00dcbertragung der Daten.&nbsp; &nbsp;&nbsp;<br>\n          <br>Die Datenverarbeitung erfolgt auf Basis der gesetzlichen\nBestimmungen des \u00a7 96 Abs 3 TKG sowie des Art 6 Abs 1 lit f (berechtigtes\nInteresse) der DSGVO. Die Nutzung von Google Maps erh\u00f6ht die Auffindbarkeit der\nOrte, welche auf unserer Webseite bereitgestellt werden.\n&nbsp;\nWeitere Informationen \u00fcber den Umgang mit Nutzerdaten des\nDiensteanbieters \u201eGoogle\u201c k\u00f6nnen Sie der Datenschutzerkl\u00e4rung entnehmen:&nbsp; &nbsp;<br>\n          <br>&nbsp;&nbsp;<a href=\"https:\/\/policies.google.com\/privacy?hl=de\" class=\"u-active-none u-border-none u-btn u-button-style u-hover-none u-none u-text-palette-1-base u-block-control u-btn-1\">https:\/\/policies.google.com\/privacy?hl=de&nbsp;<\/a>.&nbsp; &nbsp;&nbsp;<br>\n          <br>Google verarbeitet die Daten auch in den USA, hat sich\njedoch dem<br> EU-US Privacy-Shield unterworfen.&nbsp; &nbsp;&nbsp;<br>\n          <br>\n          <a href=\"https:\/\/www.privacyshield.gov\/EU-US-Framework\" class=\"u-active-none u-border-none u-btn u-button-style u-hover-none u-none u-text-palette-1-base u-block-control u-btn-2\">https:\/\/www.privacyshield.gov\/EU-US-Framework<\/a>&nbsp; &nbsp;&nbsp;<br>\n          <br><b>Ihre Rechte als\nBetroffener<\/b><b><\/b>&nbsp; &nbsp;&nbsp;<br>\n          <br>Sie als Betroffener haben bez\u00fcglich Ihrer Daten, welche\nbei uns gespeichert sind grunds\u00e4tzlich ein Recht auf:&nbsp; &nbsp;<br>&nbsp;<br>&nbsp; &nbsp; &nbsp; &nbsp; - Auskunft<br>&nbsp; &nbsp; &nbsp; &nbsp; - L\u00f6schung der Daten<br>&nbsp; &nbsp; &nbsp; &nbsp; - Berichtigung der Daten<br>&nbsp; &nbsp; &nbsp; &nbsp; - \u00dcbertragbarkeit der Daten<br>&nbsp; &nbsp; &nbsp; &nbsp; - Wiederruf und Widerspruch zur Datenverarbeitung&nbsp;<br>&nbsp; &nbsp; &nbsp; &nbsp; - Einschr\u00e4nkung<br>\n          <br>Wenn sie vermuten, dass im Zuge der Verarbeitung Ihrer\nDaten Verst\u00f6\u00dfe gegen das Datenschutzrecht passiert sind, so haben Sie die\nM\u00f6glichkeit sich bei uns (Datenschutz@bison-service.ltd) oder der Datenschutzbeh\u00f6rde\nzu beschweren.&nbsp; &nbsp;<br>\n          <br><u>Sie erreichen uns unter folgenden Kontaktdaten:<\/u><u><\/u>&nbsp; &nbsp;&nbsp;<br>Webseitenbetreiber:&nbsp;Bison Service and Installation Limited<br> Telefonnummer:&nbsp;\u200b&nbsp; &nbsp; &nbsp; &nbsp;+353 1 443 4107<br> Email:&nbsp; &nbsp; &nbsp; &nbsp; &nbsp; &nbsp; &nbsp; &nbsp; &nbsp; &nbsp; &nbsp; &nbsp; &nbsp; &nbsp;office@bison-service.ltd&nbsp; &nbsp;&nbsp;<br>\n          <br><u>Datenschutzbeauftragter<\/u><u><\/u>&nbsp; &nbsp;&nbsp;<br>\n          <br>Unseren Datenschutzbeauftragten erreichen Sie unter:<br> Name:&nbsp; &nbsp; &nbsp; &nbsp; &nbsp; &nbsp;&nbsp; Bison Service and Installation Limited<br> Email:&nbsp; &nbsp; &nbsp; &nbsp; &nbsp; &nbsp; &nbsp; Datenschutz@bison-service.ltd<br> Telefon:&nbsp;\u200b&nbsp; &nbsp; &nbsp; &nbsp; &nbsp; +353 1 443 4107&nbsp;&nbsp;<br>\n          <br>Diese Datenschutzerkl\u00e4rung wird f\u00fcr folgende Domains herangezogen:<br>\n          <br>Bison-Service.ltd.<br>Bison-Service.eu<br>Bison-Service.ch<br>Bison-Service.uk<br>Bison-Service.com<br>\n          <br>Verordnung (EU) 2016\/679 des Europ\u00e4ischen Parlaments und des Rates vom 27. April 2016 zum Schutz nat\u00fcrlicher Personen bei der Verarbeitung personenbezogener Daten, zum freien Datenverkehr und zur Aufhebung der Richtlinie 95\/46\/EG (Datenschutz-Grundverordnung)<br>(Text von Bedeutung f\u00fcr den EWR)ABl. L 119 vom 4.5.2016, S. 1\u201388&nbsp;<br>\n          <br>\n        <\/p>\n      <\/div>\n    <\/section>\n    <section class=\"u-clearfix u-grey-5 u-section-3\" id=\"sec-6776\">\n      <div class=\"u-clearfix u-sheet u-sheet-1\">\n        <p class=\"u-text u-text-default u-text-1\">\n          <a class=\"u-active-none u-border-none u-btn u-button-link u-button-style u-hover-none u-none u-text-palette-1-base u-block-control u-btn-1\" data-href=\"https:\/\/eur-lex.europa.eu\/legal-content\/DE\/TXT\/HTML\/?uri=CELEX:32016R0679\" data-target=\"_blank\" href=\"\">Verordnung (EU) 2016\/679 des Europ\u00e4ischen Parlaments<\/a>\n        <\/p>\n      <\/div>\n    <\/section>\n    <section class=\"u-clearfix u-grey-5 u-section-4\" id=\"sec-2ba1\">\n      <div class=\"u-clearfix u-sheet u-valign-middle u-sheet-1\">\n        <p class=\"u-text u-text-default u-text-1\">\n          <a class=\"u-active-none u-border-none u-btn u-button-link u-button-style u-hover-none u-none u-text-palette-1-base u-block-control u-btn-1\" data-href=\"https:\/\/eur-lex.europa.eu\/legal-content\/FR\/TXT\/HTML\/?uri=CELEX:32016R0679\" data-target=\"_blank\" href=\"\">R\u00e8glement (UE) 2016\/679 du Parlement europ\u00e9en<\/a>\n        <\/p>\n      <\/div>\n    <\/section>\n    <section class=\"u-clearfix u-grey-5 u-section-5\" id=\"sec-50d8\">\n      <div class=\"u-clearfix u-sheet u-valign-middle u-sheet-1\">\n        <p class=\"u-text u-text-default u-text-1\">\n          <a class=\"u-active-none u-border-none u-btn u-button-link u-button-style u-hover-none u-none u-text-palette-1-base u-block-control u-btn-1\" href=\"https:\/\/eur-lex.europa.eu\/legal-content\/EN\/TXT\/HTML\/?uri=CELEX:32016R0679\" target=\"_blank\">Regulation (EU) 2016\/679 of the European Parliament<\/a>\n        <\/p>\n      <\/div>\n    <\/section>\n    \n    \n    \n    \n    \n    \n    \n    \n  \n","protected":false},"excerpt":{"rendered":"<p>Erkl\u00e4rung zur Informationspflicht Datenschutzerkl\u00e4rung &nbsp; &nbsp; In folgender Datenschutzerkl\u00e4rung informieren wir Sie \u00fcber die wichtigsten Aspekte der Datenverarbeitung im Rahmen unserer Webseite. Wir erheben und verarbeiten personenbezogene Daten nur auf Grundlage der gesetzlichen Bestimmungen (Datenschutzgrundverordnung, Telekommunikationsgesetz 2003).&nbsp; &nbsp;&nbsp; Sobald Sie als Benutzer auf unsere Webseite zugreifen oder diese besuchen wird Ihre IP-Adresse, Beginn sowie Beginn &hellip; <a href=\"https:\/\/www.bison-service.ltd\/?page_id=548\" class=\"more-link\">Continue reading<span class=\"screen-reader-text\"> &#8222;Datenschutz&#8220;<\/span><\/a><\/p>\n","protected":false},"author":1,"featured_media":0,"parent":0,"menu_order":5,"comment_status":"closed","ping_status":"closed","template":"","meta":{"footnotes":""},"class_list":["post-548","page","type-page","status-publish","hentry"],"_links":{"self":[{"href":"https:\/\/www.bison-service.ltd\/index.php?rest_route=\/wp\/v2\/pages\/548","targetHints":{"allow":["GET"]}}],"collection":[{"href":"https:\/\/www.bison-service.ltd\/index.php?rest_route=\/wp\/v2\/pages"}],"about":[{"href":"https:\/\/www.bison-service.ltd\/index.php?rest_route=\/wp\/v2\/types\/page"}],"author":[{"embeddable":true,"href":"https:\/\/www.bison-service.ltd\/index.php?rest_route=\/wp\/v2\/users\/1"}],"replies":[{"embeddable":true,"href":"https:\/\/www.bison-service.ltd\/index.php?rest_route=%2Fwp%2Fv2%2Fcomments&post=548"}],"version-history":[{"count":2,"href":"https:\/\/www.bison-service.ltd\/index.php?rest_route=\/wp\/v2\/pages\/548\/revisions"}],"predecessor-version":[{"id":1337,"href":"https:\/\/www.bison-service.ltd\/index.php?rest_route=\/wp\/v2\/pages\/548\/revisions\/1337"}],"wp:attachment":[{"href":"https:\/\/www.bison-service.ltd\/index.php?rest_route=%2Fwp%2Fv2%2Fmedia&parent=548"}],"curies":[{"name":"wp","href":"https:\/\/api.w.org\/{rel}","templated":true}]}}