{"id":547,"date":"2024-05-26T16:19:34","date_gmt":"2024-05-26T14:19:34","guid":{"rendered":"https:\/\/www.bison-service.ltd\/?page_id=547"},"modified":"2024-05-30T08:56:38","modified_gmt":"2024-05-30T06:56:38","slug":"unser-service","status":"publish","type":"page","link":"https:\/\/www.bison-service.ltd\/?page_id=547","title":{"rendered":"Unser Service"},"content":{"rendered":"\n  \n    \n    <section class=\"u-clearfix u-section-2\" id=\"sec-540e\">\n      <div class=\"u-clearfix u-sheet u-valign-middle u-sheet-1\">\n        <div class=\"data-layout-selected u-clearfix u-expanded-width u-layout-wrap u-layout-wrap-1\">\n          <div class=\"u-layout\">\n            <div class=\"u-layout-row\">\n              <div class=\"u-container-style u-layout-cell u-left-cell u-size-30 u-layout-cell-1\">\n                <div class=\"u-container-layout u-valign-top u-container-layout-1\">\n                  <h2 class=\"u-custom-font u-font-playfair-display u-text u-text-black u-text-1\">Unser Service<\/h2>\n                  <div class=\"u-border-6 u-border-grey-dark-1 u-line u-line-horizontal u-line-1\"><\/div>\n                <\/div>\n              <\/div>\n              <div class=\"u-container-style u-layout-cell u-right-cell u-size-30 u-layout-cell-2\">\n                <div class=\"u-container-layout u-valign-top u-container-layout-2\">\n                  <p class=\"u-text u-text-black u-text-2\">&nbsp; &nbsp; &nbsp;Willkommen bei Bison Service&nbsp;and Installation Limited \u2013 Ihr Experte f\u00fcr\nprofessionelle Montage und Service von L\u00fcftungsanlagen in Europa und der\nSchweiz!&nbsp; &nbsp;&nbsp;<br>\n                    <br>Bei Bison Service \u200band Installation Limited stehen wir f\u00fcr h\u00f6chste Qualit\u00e4t und\nZuverl\u00e4ssigkeit im Bereich der Montage und des Services von L\u00fcftungsanlagen und\nKomponenten. Mit langj\u00e4hriger Erfahrung und einem engagierten Team von\nFachleuten sind wir stolz darauf, unseren Kunden ma\u00dfgeschneiderte L\u00f6sungen anzubieten,\num die Luftqualit\u00e4t in verschiedenen Umgebungen zu optimieren.&nbsp; &nbsp;&nbsp;<br>&nbsp;&nbsp; \n                  <\/p>\n                <\/div>\n              <\/div>\n            <\/div>\n          <\/div>\n        <\/div>\n      <\/div>\n    <\/section>\n    <section class=\"u-align-center u-clearfix u-section-3\" id=\"carousel_abff\">\n      <div class=\"u-clearfix u-sheet u-sheet-1\">\n        <h2 class=\"u-align-center u-text u-text-font u-text-1\" data-animation-name=\"customAnimationIn\" data-animation-duration=\"1500\">Unsere Leistungen im \u00dcberblick<\/h2>\n        <div class=\"u-expanded-width-sm u-expanded-width-xs u-list u-list-1\">\n          <div class=\"u-repeater u-repeater-1\">\n            <div class=\"u-align-left u-container-style u-list-item u-radius-50 u-repeater-item u-shape-round u-white u-list-item-1\" data-animation-direction=\"Up\" data-animation-name=\"customAnimationIn\" data-animation-duration=\"1500\" data-animation-delay=\"500\">\n              <div class=\"u-container-layout u-similar-container u-container-layout-1\">\n                <div class=\"custom-expanded u-container-align-center-lg u-container-align-center-xl u-container-align-left-md u-container-align-left-sm u-container-align-left-xs u-container-style u-group u-shape-rectangle u-group-1\">\n                  <div class=\"u-container-layout u-valign-top\">\n                    <h3 class=\"u-align-center-lg u-align-center-xl u-align-left-md u-align-left-sm u-align-left-xs u-custom-font u-text u-text-custom-color-2 u-text-default u-text-font u-text-2\">1<\/h3>\n                  <\/div>\n                <\/div>\n                <h4 class=\"u-text u-text-custom-color-2 u-text-3\"> Montage\nvon L\u00fcftungsanlagen:<\/h4>\n                <p class=\"u-text u-text-4\"> Unsere erfahrenen Techniker \u00fcbernehmen die fachgerechte\nMontage Ihrer L\u00fcftungsanlagen \u2013 von der Montage bis zur Inbetriebnahme. Dabei\nlegen wir besonderen Wert auf Pr\u00e4zision und Effizienz, um sicherzustellen, dass\nIhre Anlagen optimal funktionieren. <br>\n                <\/p>\n              <\/div>\n            <\/div>\n            <div class=\"u-align-left u-container-style u-list-item u-radius-50 u-repeater-item u-shape-round u-video-cover u-white u-list-item-2\" data-animation-name=\"customAnimationIn\" data-animation-duration=\"1500\" data-animation-delay=\"500\">\n              <div class=\"u-container-layout u-similar-container u-container-layout-3\">\n                <div class=\"custom-expanded u-container-align-center-lg u-container-align-center-xl u-container-align-left-md u-container-align-left-sm u-container-align-left-xs u-container-style u-group u-shape-rectangle u-group-2\">\n                  <div class=\"u-container-layout u-valign-top\">\n                    <h3 class=\"u-align-center-lg u-align-center-xl u-align-left-md u-align-left-sm u-align-left-xs u-custom-font u-text u-text-custom-color-2 u-text-default u-text-font u-text-5\">2<\/h3>\n                  <\/div>\n                <\/div>\n                <h4 class=\"u-text u-text-custom-color-2 u-text-6\"> Wartung\nund Service:<\/h4>\n                <p class=\"u-text u-text-7\"> Ein regelm\u00e4\u00dfiger Service ist entscheidend f\u00fcr die\nlangfristige Effizienz Ihrer L\u00fcftungsanlagen. Unser Team bietet professionelle\nWartungsdienstleistungen, um sicherzustellen, dass Ihre Anlagen stets\neinwandfrei arbeiten. Wir stehen Ihnen auch im Fall von St\u00f6rungen oder\nNotf\u00e4llen schnell und zuverl\u00e4ssig zur Seite <\/p>\n              <\/div>\n            <\/div>\n            <div class=\"u-align-left u-container-style u-list-item u-radius-50 u-repeater-item u-shape-round u-video-cover u-white u-list-item-3\" data-animation-direction=\"Up\" data-animation-name=\"customAnimationIn\" data-animation-duration=\"1500\" data-animation-delay=\"750\">\n              <div class=\"u-container-layout u-similar-container u-container-layout-5\">\n                <div class=\"custom-expanded u-container-align-center-lg u-container-align-center-xl u-container-align-left-md u-container-align-left-sm u-container-align-left-xs u-container-style u-group u-shape-rectangle u-group-3\">\n                  <div class=\"u-container-layout u-valign-top\">\n                    <h3 class=\"u-align-center-lg u-align-center-xl u-align-left-md u-align-left-sm u-align-left-xs u-custom-font u-text u-text-custom-color-2 u-text-default u-text-font u-text-8\">3<\/h3>\n                  <\/div>\n                <\/div>\n                <h4 class=\"u-text u-text-custom-color-2 u-text-9\"> Komponenteninstallation:<\/h4>\n                <p class=\"u-text u-text-10\"> Neben der Montage von L\u00fcftungsanlagen bieten wir auch die\nInstallation und den Austausch von einzelnen Komponenten. Wir verwenden\nhochwertige Produkte, um eine optimale Leistung und Langlebigkeit Ihrer Anlagen\nzu gew\u00e4hrleisten. <\/p>\n              <\/div>\n            <\/div>\n            <div class=\"u-align-left u-container-style u-list-item u-radius-50 u-repeater-item u-shape-round u-video-cover u-white u-list-item-4\" data-animation-direction=\"Up\" data-animation-name=\"customAnimationIn\" data-animation-duration=\"1500\" data-animation-delay=\"750\">\n              <div class=\"u-container-layout u-similar-container u-container-layout-7\">\n                <div class=\"custom-expanded u-container-align-center-lg u-container-align-center-xl u-container-align-left-md u-container-align-left-sm u-container-align-left-xs u-container-style u-group u-shape-rectangle u-group-4\">\n                  <div class=\"u-container-layout u-valign-top\">\n                    <h3 class=\"u-align-center-lg u-align-center-xl u-align-left-md u-align-left-sm u-align-left-xs u-custom-font u-text u-text-custom-color-2 u-text-default u-text-font u-text-11\">4<\/h3>\n                  <\/div>\n                <\/div>\n                <h4 class=\"u-text u-text-custom-color-2 u-text-12\"> Beratung\nund Planung:<\/h4>\n                <p class=\"u-text u-text-13\"> Unser erfahrenes Team steht Ihnen bereits in der\nPlanungsphase zur Seite. Wir beraten Sie umfassend, um die optimale L\u00f6sung f\u00fcr\nIhre individuellen Anforderungen zu finden. Dabei ber\u00fccksichtigen wir nicht nur\ntechnische Aspekte, sondern auch \u00f6konomische und \u00f6kologische Gesichtspunkte. <\/p>\n              <\/div>\n            <\/div>\n          <\/div>\n        <\/div>\n      <\/div>\n    <\/section>\n    <section class=\"u-clearfix u-section-4\" id=\"sec-5606\">\n      <div class=\"u-clearfix u-sheet u-valign-middle u-sheet-1\">\n        <div class=\"data-layout-selected u-clearfix u-expanded-width u-layout-wrap u-layout-wrap-1\">\n          <div class=\"u-layout\">\n            <div class=\"u-layout-row\">\n              <div class=\"u-container-style u-layout-cell u-left-cell u-size-26 u-layout-cell-1\">\n                <div class=\"u-container-layout u-valign-top u-container-layout-1\">\n                  <h2 class=\"u-custom-font u-font-playfair-display u-text u-text-black u-text-1\"> Warum&nbsp;<br>Bison Service \u200band Installation Ltd.? \n                  <\/h2>\n                  <div class=\"u-border-6 u-border-grey-dark-1 u-line u-line-horizontal u-line-1\"><\/div>\n                <\/div>\n              <\/div>\n              <div class=\"u-container-style u-layout-cell u-right-cell u-size-34 u-layout-cell-2\">\n                <div class=\"u-container-layout u-valign-top u-container-layout-2\">\n                  <p class=\"u-text u-text-black u-text-2\"> - Fachkompetenz:&nbsp; &nbsp;<br>Unsere Mitarbeiter\nsind hochqualifizierte Experten auf dem Gebiet der L\u00fcftungstechnik.&nbsp; &nbsp;&nbsp;<br>\n                    <br>- Zuverl\u00e4ssigkeit:&nbsp;<br>Wir halten Termine ein und gew\u00e4hrleisten einen reibungslosen\nAblauf Ihrer Projekte.&nbsp; &nbsp;&nbsp;<br>\n                    <br>- Qualit\u00e4t:&nbsp;<br>Unsere Arbeit zeichnet sich durch h\u00f6chste Standards und\nPr\u00e4zision aus.&nbsp; &nbsp;&nbsp;<br>\n                    <br>- Kundenzufriedenheit:&nbsp;<br>Die Bed\u00fcrfnisse unserer Kunden stehen im Mittelpunkt unserer\nArbeit.&nbsp;<br>\n                    <br>Vertrauen Sie Bison Service \u200band Installation Limited \u2013 Ihrem zuverl\u00e4ssigen\nPartner f\u00fcr Montage und Service von L\u00fcftungsanlagen in Europa und der Schweiz.\nKontaktieren Sie uns f\u00fcr eine individuelle Beratung und ein unverbindliches\nAngebot. Wir freuen uns darauf, mit Ihnen zusammenzuarbeiten und optimale\nL\u00f6sungen f\u00fcr Ihre Anforderungen zu schaffen!&nbsp;&nbsp; \n                  <\/p>\n                <\/div>\n              <\/div>\n            <\/div>\n          <\/div>\n        <\/div>\n      <\/div>\n    <\/section>\n    \n    \n    \n    \n    \n    \n    \n    \n  \n","protected":false},"excerpt":{"rendered":"<p>Unser Service &nbsp; &nbsp; &nbsp;Willkommen bei Bison Service&nbsp;and Installation Limited \u2013 Ihr Experte f\u00fcr professionelle Montage und Service von L\u00fcftungsanlagen in Europa und der Schweiz!&nbsp; &nbsp;&nbsp; Bei Bison Service \u200band Installation Limited stehen wir f\u00fcr h\u00f6chste Qualit\u00e4t und Zuverl\u00e4ssigkeit im Bereich der Montage und des Services von L\u00fcftungsanlagen und Komponenten. Mit langj\u00e4hriger Erfahrung und einem &hellip; <a href=\"https:\/\/www.bison-service.ltd\/?page_id=547\" class=\"more-link\">Continue reading<span class=\"screen-reader-text\"> &#8222;Unser Service&#8220;<\/span><\/a><\/p>\n","protected":false},"author":1,"featured_media":0,"parent":0,"menu_order":4,"comment_status":"closed","ping_status":"closed","template":"","meta":{"footnotes":""},"class_list":["post-547","page","type-page","status-publish","hentry"],"_links":{"self":[{"href":"https:\/\/www.bison-service.ltd\/index.php?rest_route=\/wp\/v2\/pages\/547","targetHints":{"allow":["GET"]}}],"collection":[{"href":"https:\/\/www.bison-service.ltd\/index.php?rest_route=\/wp\/v2\/pages"}],"about":[{"href":"https:\/\/www.bison-service.ltd\/index.php?rest_route=\/wp\/v2\/types\/page"}],"author":[{"embeddable":true,"href":"https:\/\/www.bison-service.ltd\/index.php?rest_route=\/wp\/v2\/users\/1"}],"replies":[{"embeddable":true,"href":"https:\/\/www.bison-service.ltd\/index.php?rest_route=%2Fwp%2Fv2%2Fcomments&post=547"}],"version-history":[{"count":2,"href":"https:\/\/www.bison-service.ltd\/index.php?rest_route=\/wp\/v2\/pages\/547\/revisions"}],"predecessor-version":[{"id":684,"href":"https:\/\/www.bison-service.ltd\/index.php?rest_route=\/wp\/v2\/pages\/547\/revisions\/684"}],"wp:attachment":[{"href":"https:\/\/www.bison-service.ltd\/index.php?rest_route=%2Fwp%2Fv2%2Fmedia&parent=547"}],"curies":[{"name":"wp","href":"https:\/\/api.w.org\/{rel}","templated":true}]}}