{"id":545,"date":"2024-05-26T16:19:32","date_gmt":"2024-05-26T14:19:32","guid":{"rendered":"https:\/\/www.bison-service.ltd\/?page_id=545"},"modified":"2025-09-30T22:12:56","modified_gmt":"2025-09-30T20:12:56","slug":"startseite","status":"publish","type":"page","link":"https:\/\/www.bison-service.ltd\/","title":{"rendered":"Startseite"},"content":{"rendered":"\n  \n    \n    <section class=\"u-clearfix u-image u-shading u-section-2\" id=\"sec-3c38\" data-image-width=\"1280\" data-image-height=\"851\" style=\"background-image: linear-gradient(-359deg, rgba(0, 0, 0, 0.65), rgba(77, 77, 77, 0.65)), url(&quot;https:\/\/www.bison-service.ltd\/wp-content\/uploads\/2024\/05\/dcfbc3308e43f15e99795cdf5768025880001445826e840a7a5321ba464bd6d56b6a7021d94b03feccc90a60ecf3a89f275f52345cce89936e9d5c_1280-1.jpg&quot;);\">\n      <div class=\"u-clearfix u-sheet u-sheet-1\">\n        <h1 class=\"u-align-center u-custom-font u-font-georgia u-text u-text-white u-title u-text-1\">Bison Service and Installation Limited<br>\n        <\/h1>\n        <p class=\"u-align-center u-custom-font u-text u-text-white u-text-2\">Bison service and installations -&nbsp;<br>High quality service, strong as a bison \n        <\/p>\n        <a href=\"https:\/\/www.bison-service.ltd\/?page_id=547\" class=\"u-align-center u-border-none u-btn u-btn-round u-button-style u-custom-color-2 u-radius u-btn-1\">Read more<\/a>\n      <\/div>\n    <\/section>\n    <section class=\"u-clearfix u-section-3\" id=\"sec-ecbf\">\n      <div class=\"u-clearfix u-sheet u-valign-middle u-sheet-1\">\n        <div class=\"data-layout-selected u-clearfix u-expanded-width u-layout-wrap u-layout-wrap-1\">\n          <div class=\"u-layout\">\n            <div class=\"u-layout-row\">\n              <div class=\"u-container-style u-layout-cell u-left-cell u-size-30 u-layout-cell-1\">\n                <div class=\"u-container-layout u-valign-top u-container-layout-1\">\n                  <h2 class=\"u-custom-font u-font-playfair-display u-text u-text-black u-text-1\"> Unsere\nGeschichte: Leidenschaft trifft auf Erfahrung<\/h2>\n                  <div class=\"u-border-6 u-border-grey-dark-1 u-line u-line-horizontal u-line-1\"><\/div>\n                <\/div>\n              <\/div>\n              <div class=\"u-align-justify u-container-style u-layout-cell u-right-cell u-size-30 u-white u-layout-cell-2\">\n                <div class=\"u-container-layout u-valign-top u-container-layout-2\">\n                  <p class=\"u-text u-text-black u-text-2\"> Bison Service and Installation Limited wurde mit der klaren Vision gegr\u00fcndet,\nfrischen Wind in die Branche der L\u00fcftungstechnik zu bringen. Unser Gr\u00fcnder, mit\neinem reichen Erfahrungsschatz von mehr als zwei Jahrzehnten, erkannte die\nNotwendigkeit, innovative L\u00f6sungen anzubieten, die nicht nur den aktuellen\nAnforderungen entsprechen, sondern auch zukunftsweisend sind.&nbsp;&nbsp;<\/p>\n                <\/div>\n              <\/div>\n            <\/div>\n          <\/div>\n        <\/div>\n      <\/div>\n    <\/section>\n    <section class=\"u-align-center u-clearfix u-container-align-center u-grey-5 u-section-4\" id=\"sec-2730\">\n      <div class=\"u-clearfix u-sheet u-valign-middle u-sheet-1\">\n        <div class=\"u-expanded-width u-list u-list-1\">\n          <div class=\"u-repeater u-repeater-1\">\n            <div class=\"u-align-center u-container-align-center u-container-style u-list-item u-repeater-item\">\n              <div class=\"u-container-layout u-similar-container u-valign-middle u-container-layout-1\">\n                <img decoding=\"async\" alt=\"\" class=\"u-expanded-width u-image u-image-contain u-image-default u-image-1\" data-image-width=\"290\" data-image-height=\"97\" src=\"https:\/\/www.bison-service.ltd\/wp-content\/uploads\/2024\/05\/boesch_logopng-1.webp\">\n              <\/div>\n            <\/div>\n            <div class=\"u-align-center u-container-align-center u-container-style u-list-item u-repeater-item\">\n              <div class=\"u-container-layout u-similar-container u-valign-middle u-container-layout-2\">\n                <img decoding=\"async\" alt=\"\" class=\"u-expanded-width u-image u-image-contain u-image-default u-image-2\" data-image-width=\"300\" data-image-height=\"300\" src=\"https:\/\/www.bison-service.ltd\/wp-content\/uploads\/2024\/05\/csm_413512_Image_daniel.idschokzehndergroup.com_Zehnder_CSY_TEST_MEDIABASE_UPLOAD_Logo_Zehnder-Logo-Brand-identity-color-RGB_0ecf36eb46-1.jpg\">\n              <\/div>\n            <\/div>\n            <div class=\"u-align-center u-container-align-center u-container-style u-list-item u-repeater-item\">\n              <div class=\"u-container-layout u-similar-container u-valign-middle u-container-layout-3\">\n                <img decoding=\"async\" alt=\"\" class=\"u-expanded-width u-image u-image-contain u-image-default u-image-3\" data-image-width=\"1297\" data-image-height=\"469\" src=\"https:\/\/www.bison-service.ltd\/wp-content\/uploads\/2024\/05\/wolf_main-1.png\">\n              <\/div>\n            <\/div>\n            <div class=\"u-align-center u-container-align-center u-container-style u-list-item u-repeater-item\">\n              <div class=\"u-container-layout u-similar-container u-valign-middle u-container-layout-4\">\n                <img decoding=\"async\" alt=\"\" class=\"u-expanded-width u-image u-image-contain u-image-default u-image-4\" data-image-width=\"652\" data-image-height=\"180\" src=\"https:\/\/www.bison-service.ltd\/wp-content\/uploads\/2024\/05\/FlaktGrouppng-1.png\">\n              <\/div>\n            <\/div>\n            <div class=\"u-align-center u-container-align-center u-container-style u-list-item u-repeater-item\">\n              <div class=\"u-container-layout u-similar-container u-valign-middle u-container-layout-5\">\n                <img decoding=\"async\" alt=\"\" class=\"u-expanded-width u-image u-image-contain u-image-default u-image-5\" data-image-width=\"512\" data-image-height=\"170\" src=\"https:\/\/www.bison-service.ltd\/wp-content\/uploads\/2024\/05\/Samsung_Logo-1.png\">\n              <\/div>\n            <\/div>\n            <div class=\"u-align-center u-container-align-center u-container-style u-list-item u-repeater-item\">\n              <div class=\"u-container-layout u-similar-container u-valign-middle u-container-layout-6\">\n                <img decoding=\"async\" alt=\"\" class=\"u-expanded-width u-image u-image-contain u-image-default u-image-6\" data-image-width=\"2560\" data-image-height=\"626\" src=\"https:\/\/www.bison-service.ltd\/wp-content\/uploads\/2024\/05\/Trox_Logo.svg-1.png\">\n              <\/div>\n            <\/div>\n            <div class=\"u-align-center u-container-align-center u-container-style u-list-item u-repeater-item\">\n              <div class=\"u-container-layout u-similar-container u-valign-middle u-container-layout-7\">\n                <img decoding=\"async\" alt=\"\" class=\"u-expanded-width u-image u-image-contain u-image-default u-image-7\" data-image-width=\"625\" data-image-height=\"216\" src=\"https:\/\/www.bison-service.ltd\/wp-content\/uploads\/2024\/05\/helios-ventilatoren-gmbh-and-co-kg-logo-vector-1.png\">\n              <\/div>\n            <\/div>\n            <div class=\"u-align-center u-container-align-center u-container-style u-list-item u-repeater-item\">\n              <div class=\"u-container-layout u-similar-container u-valign-middle u-container-layout-8\">\n                <img decoding=\"async\" alt=\"\" class=\"u-expanded-width u-image u-image-contain u-image-default u-image-8\" data-image-width=\"1024\" data-image-height=\"272\" src=\"https:\/\/www.bison-service.ltd\/wp-content\/uploads\/2024\/05\/kisspng-systemair-gmbh-project-engineering-srl-manufacturi-template-logo-5b0b1b44a803a4.6584305515274545326882-1.png\">\n              <\/div>\n            <\/div>\n            <div class=\"u-align-center u-container-align-center u-container-style u-list-item u-repeater-item\">\n              <div class=\"u-container-layout u-similar-container u-valign-middle u-container-layout-9\">\n                <img decoding=\"async\" alt=\"\" class=\"u-expanded-width u-image u-image-contain u-image-default u-image-9\" data-image-width=\"337\" data-image-height=\"71\" src=\"https:\/\/www.bison-service.ltd\/wp-content\/uploads\/2024\/05\/daikin-logopng-1.png\">\n              <\/div>\n            <\/div>\n            <div class=\"u-align-center u-container-align-center u-container-style u-list-item u-repeater-item\">\n              <div class=\"u-container-layout u-similar-container u-valign-middle u-container-layout-10\">\n                <img decoding=\"async\" alt=\"\" class=\"u-expanded-width u-image u-image-contain u-image-default u-image-10\" data-image-width=\"512\" data-image-height=\"512\" src=\"https:\/\/www.bison-service.ltd\/wp-content\/uploads\/2024\/05\/unnamed-1.jpg\">\n              <\/div>\n            <\/div>\n            <div class=\"u-align-center u-container-align-center u-container-style u-list-item u-repeater-item\">\n              <div class=\"u-container-layout u-similar-container u-valign-middle u-container-layout-11\">\n                <img decoding=\"async\" alt=\"\" class=\"u-expanded-width u-image u-image-contain u-image-default u-image-11\" data-image-width=\"2560\" data-image-height=\"994\" src=\"https:\/\/www.bison-service.ltd\/wp-content\/uploads\/2024\/05\/Belimo-Logo.svg-1.png\">\n              <\/div>\n            <\/div>\n            <div class=\"u-align-center u-container-align-center u-container-style u-list-item u-repeater-item\">\n              <div class=\"u-container-layout u-similar-container u-valign-middle u-container-layout-12\">\n                <img decoding=\"async\" alt=\"\" class=\"u-expanded-width u-image u-image-contain u-image-default u-image-12\" data-image-width=\"650\" data-image-height=\"186\" src=\"https:\/\/www.bison-service.ltd\/wp-content\/uploads\/2024\/05\/weger-walter-gmbhpng-1.png\">\n              <\/div>\n            <\/div>\n          <\/div>\n        <\/div>\n      <\/div>\n    <\/section>\n    \n    \n    \n    \n    \n    \n    \n    \n    \n  \n","protected":false},"excerpt":{"rendered":"<p>Bison Service and Installation Limited Bison service and installations &#8211;&nbsp;High quality service, strong as a bison Read more Unsere Geschichte: Leidenschaft trifft auf Erfahrung Bison Service and Installation Limited wurde mit der klaren Vision gegr\u00fcndet, frischen Wind in die Branche der L\u00fcftungstechnik zu bringen. Unser Gr\u00fcnder, mit einem reichen Erfahrungsschatz von mehr als zwei Jahrzehnten, &hellip; <a href=\"https:\/\/www.bison-service.ltd\/\" class=\"more-link\">Continue reading<span class=\"screen-reader-text\"> &#8222;Startseite&#8220;<\/span><\/a><\/p>\n","protected":false},"author":1,"featured_media":0,"parent":0,"menu_order":2,"comment_status":"closed","ping_status":"closed","template":"","meta":{"footnotes":""},"class_list":["post-545","page","type-page","status-publish","hentry"],"_links":{"self":[{"href":"https:\/\/www.bison-service.ltd\/index.php?rest_route=\/wp\/v2\/pages\/545","targetHints":{"allow":["GET"]}}],"collection":[{"href":"https:\/\/www.bison-service.ltd\/index.php?rest_route=\/wp\/v2\/pages"}],"about":[{"href":"https:\/\/www.bison-service.ltd\/index.php?rest_route=\/wp\/v2\/types\/page"}],"author":[{"embeddable":true,"href":"https:\/\/www.bison-service.ltd\/index.php?rest_route=\/wp\/v2\/users\/1"}],"replies":[{"embeddable":true,"href":"https:\/\/www.bison-service.ltd\/index.php?rest_route=%2Fwp%2Fv2%2Fcomments&post=545"}],"version-history":[{"count":2,"href":"https:\/\/www.bison-service.ltd\/index.php?rest_route=\/wp\/v2\/pages\/545\/revisions"}],"predecessor-version":[{"id":628,"href":"https:\/\/www.bison-service.ltd\/index.php?rest_route=\/wp\/v2\/pages\/545\/revisions\/628"}],"wp:attachment":[{"href":"https:\/\/www.bison-service.ltd\/index.php?rest_route=%2Fwp%2Fv2%2Fmedia&parent=545"}],"curies":[{"name":"wp","href":"https:\/\/api.w.org\/{rel}","templated":true}]}}