{"id":1138,"date":"2024-06-05T09:08:02","date_gmt":"2024-06-05T07:08:02","guid":{"rendered":"https:\/\/www.bison-service.ltd\/?page_id=1138"},"modified":"2025-10-01T08:29:33","modified_gmt":"2025-10-01T06:29:33","slug":"aktuelles-neu","status":"publish","type":"page","link":"https:\/\/www.bison-service.ltd\/?page_id=1138","title":{"rendered":"Aktuelles"},"content":{"rendered":"\n  \n    \n    <section class=\"u-align-center u-clearfix u-container-align-center u-section-2\" id=\"sec-8c6a\">\n      <div class=\"u-clearfix u-sheet u-sheet-1\">\n        <div class=\"u-expanded-width u-layout-horizontal u-list u-list-1\">\n          <div class=\"u-repeater u-repeater-1\">\n            <div class=\"u-container-style u-custom-item u-list-item u-repeater-item u-list-item-1\">\n              <div class=\"u-container-layout u-similar-container u-container-layout-1\">\n                <img decoding=\"async\" class=\"custom-expanded u-image u-image-default u-image-1\" alt=\"\" data-image-width=\"1380\" data-image-height=\"763\" src=\"https:\/\/www.bison-service.ltd\/wp-content\/uploads\/2025\/09\/datacenter.jpg\">\n                <h4 class=\"u-align-left u-text u-text-default u-text-1\"> Projektsteuerung auf h\u00f6chstem Niveau: <span style=\"font-weight: 400;\">Projekt\u00fcberwachung und Koordination in vier schwedischen Data Centers abgeschlossen!<\/span>\n                <\/h4>\n                <p class=\"u-align-left u-text u-text-default u-text-2\"> Mit Stolz blicken wir auf den erfolgreichen Abschluss eines besonderen Projekts zur\u00fcck: die Montage und Inbetriebnahme von K\u00e4lteanlagen in gleich vier Data Centers in Schweden........<\/p>\n                <a href=\"https:\/\/www.bison-service.ltd\/?p=1406\" class=\"u-border-1 u-border-active-palette-2-base u-border-hover-palette-1-base u-border-no-left u-border-no-right u-border-no-top u-btn u-button-style u-custom-item u-none u-text-palette-1-base u-btn-1\">Read more<\/a>\n              <\/div>\n            <\/div>\n            <div class=\"u-container-style u-custom-item u-list-item u-repeater-item u-list-item-2\">\n              <div class=\"u-container-layout u-similar-container u-container-layout-2\">\n                <img decoding=\"async\" class=\"custom-expanded u-image u-image-default u-image-2\" alt=\"\" data-image-width=\"2560\" data-image-height=\"1793\" src=\"https:\/\/www.bison-service.ltd\/wp-content\/uploads\/2024\/05\/large-modern-office-building-scaled.jpg\">\n                <h4 class=\"u-align-left u-text u-text-default u-text-3\"> Erfolgreiche Inbetriebnahme der L\u00fcftungsanlagen eines weiteren Kundenprojekt <\/h4>\n                <p class=\"u-align-left u-text u-text-default u-text-4\"> Erfolgreiche Inbetriebnahme der L\u00fcftungsanlagen eines weiteren Projekts in \u00d6sterreich\nDie Einregulierung der L\u00fcftungssysteme wurde erfolgreich \u2026<\/p>\n                <a href=\"https:\/\/www.bison-service.ltd\/?p=543\" class=\"u-border-1 u-border-active-palette-2-base u-border-hover-palette-1-base u-border-no-left u-border-no-right u-border-no-top u-btn u-button-style u-custom-item u-none u-text-palette-1-base u-btn-2\">Read more<\/a>\n              <\/div>\n            <\/div>\n            <div class=\"u-container-style u-custom-item u-list-item u-repeater-item u-list-item-3\">\n              <div class=\"u-container-layout u-similar-container u-container-layout-3\">\n                <img decoding=\"async\" class=\"custom-expanded u-image u-image-default u-image-3\" alt=\"\" data-image-width=\"1140\" data-image-height=\"760\" src=\"https:\/\/www.bison-service.ltd\/wp-content\/uploads\/2024\/05\/60987b37992b3a989b1d7e343dec1708f99493e0d4efd7677672ded9ed345660a1915ef6488738f9b4ebf925cd0df5be8c7d9a40aba1ac4ff8cf67_1280-1.jpg\">\n                <h4 class=\"u-align-left u-text u-text-default u-text-5\"> St. Patrick\u2019s Day<\/h4>\n                <p class=\"u-align-left u-text u-text-default u-text-6\"> Bison Service and Installation Limited mit Hauptsitz in Irland (ja, Sie \nhaben richtig geh\u00f6rt, wir haben unsere eigenen vierbl\u00e4ttrigen \nKleebl\u00e4tter im B\u00fcro!) m\u00f6chte allen...... <br>\n                <\/p>\n                <a href=\"https:\/\/www.bison-service.ltd\/?p=542\" class=\"u-border-1 u-border-active-palette-2-base u-border-hover-palette-1-base u-border-no-left u-border-no-right u-border-no-top u-btn u-button-style u-custom-item u-none u-text-palette-1-base u-btn-3\">Read more<\/a>\n              <\/div>\n            <\/div>\n            <div class=\"u-container-style u-custom-item u-list-item u-repeater-item u-list-item-4\">\n              <div class=\"u-container-layout u-similar-container u-container-layout-4\">\n                <img decoding=\"async\" class=\"custom-expanded u-image u-image-default u-image-4\" alt=\"\" data-image-width=\"1024\" data-image-height=\"683\" src=\"https:\/\/www.bison-service.ltd\/wp-content\/uploads\/2024\/05\/business-people-arranging-various-adhesive-notes-with-text-glass-office-1.jpg\">\n                <h4 class=\"u-align-left u-text u-text-default u-text-7\"> Ein Neues Jahr, Ein Neuer Anfang: Bison Service and Installation Limited w\u00fcnscht Ihnen einen gro\u00dfartigen Start in 2024! <\/h4>\n                <p class=\"u-align-left u-text u-text-default u-text-8\"> Liebe Leserinnen und Leser,mit einem herzlichen Gru\u00df starten wir \ngemeinsam in das vielversprechende Jahr 2024! Das Team von Bison Service and Installation\n Ltd m\u00f6chte \u2026<\/p>\n                <a href=\"https:\/\/www.bison-service.ltd\/?p=541\" class=\"u-border-1 u-border-active-palette-2-base u-border-hover-palette-1-base u-border-no-left u-border-no-right u-border-no-top u-btn u-button-style u-custom-item u-none u-text-palette-1-base u-btn-4\">Read more<\/a>\n              <\/div>\n            <\/div>\n            <div class=\"u-container-style u-custom-item u-list-item u-repeater-item u-list-item-5\">\n              <div class=\"u-container-layout u-similar-container u-container-layout-5\">\n                <img decoding=\"async\" class=\"custom-expanded u-image u-image-default u-image-5\" alt=\"\" data-image-width=\"1140\" data-image-height=\"787\" src=\"https:\/\/www.bison-service.ltd\/wp-content\/uploads\/2024\/05\/07638c442f82c5d083bcba1c053c69d066a5cd9343cbfd00e73f96fc00ea0693d24643a4f32127e90fc5c8cc503e951437ab8b993f7d51b2d702be_1280-1.jpg\">\n                <h4 class=\"u-align-left u-text u-text-default u-text-9\"> Gemeinsam Geschaffen, Gemeinsam Genossen <\/h4>\n                <p class=\"u-align-left u-text u-text-default u-text-10\"> Bison Service and Installation Ltd. feiert ein Kulinarisches Erfolgsjahr&nbsp;In einem \nau\u00dfergew\u00f6hnlichen Weihnachtsessen hat das Team von Bison Service and Installation Ltd. \nnicht nur die \u2026<\/p>\n                <a href=\"https:\/\/www.bison-service.ltd\/?p=540\" class=\"u-border-1 u-border-active-palette-2-base u-border-hover-palette-1-base u-border-no-left u-border-no-right u-border-no-top u-btn u-button-style u-custom-item u-none u-text-palette-1-base u-btn-5\">Read more<\/a>\n              <\/div>\n            <\/div>\n            <div class=\"u-container-style u-custom-item u-list-item u-repeater-item u-list-item-6\">\n              <div class=\"u-container-layout u-similar-container u-container-layout-6\">\n                <img decoding=\"async\" class=\"custom-expanded u-image u-image-default u-image-6\" alt=\"\" data-image-width=\"1140\" data-image-height=\"760\" src=\"https:\/\/www.bison-service.ltd\/wp-content\/uploads\/2024\/05\/a27252efc2161dc1fba08ea7b4b5c2c36d103c3d1da64a679d16f6c1200afb7e72ebfa2d13f2b4ae157c1ef87d70ee8c67cb1249426a1d4011831f_1280-1.jpg\">\n                <h4 class=\"u-align-left u-text u-text-default u-text-11\"> Frohe Festtage<\/h4>\n                <p class=\"u-align-left u-text u-text-default u-text-12\"> Frohe Festtage und ein Gl\u00fcckliches Neues Jahr von Bison Service \nand Installation Ltd.! Liebe Kunden, Partner und Freunde von Bison Service\u200b and Installation......<\/p>\n                <a href=\"https:\/\/www.bison-service.ltd\/?p=539\" class=\"u-border-1 u-border-active-palette-2-base u-border-hover-palette-1-base u-border-no-left u-border-no-right u-border-no-top u-btn u-button-style u-custom-item u-none u-text-palette-1-base u-btn-6\">Read more<\/a>\n              <\/div>\n            <\/div>\n            <div class=\"u-container-style u-custom-item u-list-item u-repeater-item u-list-item-7\">\n              <div class=\"u-container-layout u-similar-container u-container-layout-7\">\n                <img decoding=\"async\" class=\"custom-expanded u-image u-image-default u-image-7\" alt=\"\" data-image-width=\"1024\" data-image-height=\"627\" src=\"https:\/\/www.bison-service.ltd\/wp-content\/uploads\/2024\/05\/Logobisonknstlerisch-7.png\">\n                <h4 class=\"u-align-left u-text u-text-default u-text-13\"> Beta Version steht in den Startl\u00f6chern <\/h4>\n                <p class=\"u-align-left u-text u-text-default u-text-14\"> Wir arbeiten st\u00e4tig an der Verbersserung von unser Homepage<\/p>\n                <a href=\"https:\/\/www.bison-service.ltd\/?p=538\" class=\"u-border-1 u-border-active-palette-2-base u-border-hover-palette-1-base u-border-no-left u-border-no-right u-border-no-top u-btn u-button-style u-custom-item u-none u-text-palette-1-base u-btn-7\">Read more<\/a>\n              <\/div>\n            <\/div>\n            <div class=\"u-container-style u-custom-item u-list-item u-repeater-item u-list-item-8\">\n              <div class=\"u-container-layout u-similar-container u-container-layout-8\">\n                <img decoding=\"async\" class=\"custom-expanded u-image u-image-default u-image-8\" alt=\"\" data-image-width=\"1140\" data-image-height=\"727\" src=\"https:\/\/www.bison-service.ltd\/wp-content\/uploads\/2024\/05\/lbsMistelbachl-1.jpg\">\n                <h4 class=\"u-align-left u-text u-text-default u-text-15\"> Erfolgreiche Inbetriebnahme und BSK Sicherheitskontrolle eines weiteren Kundenprojekts! <\/h4>\n                <p class=\"u-align-left u-text u-text-default u-text-16\"> Umfassende Inbetriebnahme und Sicherheitskontrolle: Unsere Experten \nhaben nicht nur die erfolgreiche Inbetriebnahme von f\u00fcnf L\u00fcftungsger\u00e4ten\n \u2026<\/p>\n                <a href=\"https:\/\/www.bison-service.ltd\/?p=537\" class=\"u-border-1 u-border-active-palette-2-base u-border-hover-palette-1-base u-border-no-left u-border-no-right u-border-no-top u-btn u-button-style u-custom-item u-none u-text-palette-1-base u-btn-8\">Read more<\/a>\n              <\/div>\n            <\/div>\n            <div class=\"u-container-style u-custom-item u-list-item u-repeater-item u-list-item-9\">\n              <div class=\"u-container-layout u-similar-container u-container-layout-9\">\n                <img decoding=\"async\" class=\"custom-expanded u-image u-image-default u-image-9\" alt=\"\" data-image-width=\"1140\" data-image-height=\"712\" src=\"https:\/\/www.bison-service.ltd\/wp-content\/uploads\/2024\/05\/pbzkorneuburg-1.jpg\">\n                <h4 class=\"u-align-left u-text u-text-default u-text-17\"> Erfolgreiche Inbetriebnahme und BSK Sicherheitskontrolle eines Kundenprojekts! <\/h4>\n                <p class=\"u-align-left u-text u-text-default u-text-18\"> Bison Service and Installation Ltd. freut sich, \u00fcber einen weiteren \nerfolgreichen Meilenstein in der Inbetriebnahme von L\u00fcftungsanlagen und \u2026<\/p>\n                <a href=\"https:\/\/www.bison-service.ltd\/?p=536\" class=\"u-border-1 u-border-active-palette-2-base u-border-hover-palette-1-base u-border-no-left u-border-no-right u-border-no-top u-btn u-button-style u-custom-item u-none u-text-palette-1-base u-btn-9\">Read more<\/a>\n              <\/div>\n            <\/div>\n            <div class=\"u-container-style u-custom-item u-list-item u-repeater-item u-list-item-10\">\n              <div class=\"u-container-layout u-similar-container u-container-layout-10\">\n                <img decoding=\"async\" class=\"custom-expanded u-image u-image-default u-image-10\" alt=\"\" data-image-width=\"650\" data-image-height=\"600\" src=\"https:\/\/www.bison-service.ltd\/wp-content\/uploads\/2024\/05\/bison2-1.jpg\">\n                <h4 class=\"u-align-left u-text u-text-default u-text-19\"> Start der neuen Homepage <\/h4>\n                <p class=\"u-align-left u-text u-text-default u-text-20\"> Bison Service and Installation Ltd. freut sich, \u00fcber einen weiteren erfolgreichen Meilenstein berichten zu k\u00f6nnen.<\/p>\n                <a href=\"https:\/\/www.bison-service.ltd\/?p=535\" class=\"u-border-1 u-border-active-palette-2-base u-border-hover-palette-1-base u-border-no-left u-border-no-right u-border-no-top u-btn u-button-style u-custom-item u-none u-text-palette-1-base u-btn-10\">Read more<\/a>\n              <\/div>\n            <\/div>\n          <\/div>\n          <a class=\"u-gallery-nav u-gallery-nav-prev u-grey-70 u-icon-circle u-opacity u-opacity-70 u-spacing-10 u-text-white u-gallery-nav-1\" href=\"#\" role=\"button\"><span aria-hidden=\"true\">\n              <svg viewBox=\"0 0 451.847 451.847\"><path d=\"M97.141,225.92c0-8.095,3.091-16.192,9.259-22.366L300.689,9.27c12.359-12.359,32.397-12.359,44.751,0\nc12.354,12.354,12.354,32.388,0,44.748L173.525,225.92l171.903,171.909c12.354,12.354,12.354,32.391,0,44.744\nc-12.354,12.365-32.386,12.365-44.745,0l-194.29-194.281C100.226,242.115,97.141,234.018,97.141,225.92z\"><\/path><\/svg><\/span><span class=\"sr-only\">\n              <svg viewBox=\"0 0 451.847 451.847\"><path d=\"M97.141,225.92c0-8.095,3.091-16.192,9.259-22.366L300.689,9.27c12.359-12.359,32.397-12.359,44.751,0\nc12.354,12.354,12.354,32.388,0,44.748L173.525,225.92l171.903,171.909c12.354,12.354,12.354,32.391,0,44.744\nc-12.354,12.365-32.386,12.365-44.745,0l-194.29-194.281C100.226,242.115,97.141,234.018,97.141,225.92z\"><\/path><\/svg><\/span>\n          <\/a>\n          <a class=\"u-gallery-nav u-gallery-nav-next u-grey-70 u-icon-circle u-opacity u-opacity-70 u-spacing-10 u-text-white u-gallery-nav-2\" href=\"#\" role=\"button\"><span aria-hidden=\"true\">\n              <svg viewBox=\"0 0 451.846 451.847\"><path d=\"M345.441,248.292L151.154,442.573c-12.359,12.365-32.397,12.365-44.75,0c-12.354-12.354-12.354-32.391,0-44.744\nL278.318,225.92L106.409,54.017c-12.354-12.359-12.354-32.394,0-44.748c12.354-12.359,32.391-12.359,44.75,0l194.287,194.284\nc6.177,6.18,9.262,14.271,9.262,22.366C354.708,234.018,351.617,242.115,345.441,248.292z\"><\/path><\/svg><\/span><span class=\"sr-only\">\n              <svg viewBox=\"0 0 451.846 451.847\"><path d=\"M345.441,248.292L151.154,442.573c-12.359,12.365-32.397,12.365-44.75,0c-12.354-12.354-12.354-32.391,0-44.744\nL278.318,225.92L106.409,54.017c-12.354-12.359-12.354-32.394,0-44.748c12.354-12.359,32.391-12.359,44.75,0l194.287,194.284\nc6.177,6.18,9.262,14.271,9.262,22.366C354.708,234.018,351.617,242.115,345.441,248.292z\"><\/path><\/svg><\/span>\n          <\/a>\n        <\/div>\n      <\/div>\n    <\/section>\n    \n    \n    \n    \n    \n    \n    \n    \n  \n","protected":false},"excerpt":{"rendered":"<p>Projektsteuerung auf h\u00f6chstem Niveau: Projekt\u00fcberwachung und Koordination in vier schwedischen Data Centers abgeschlossen! Mit Stolz blicken wir auf den erfolgreichen Abschluss eines besonderen Projekts zur\u00fcck: die Montage und Inbetriebnahme von K\u00e4lteanlagen in gleich vier Data Centers in Schweden&#8230;&#8230;.. Read more Erfolgreiche Inbetriebnahme der L\u00fcftungsanlagen eines weiteren Kundenprojekt Erfolgreiche Inbetriebnahme der L\u00fcftungsanlagen eines weiteren Projekts in &hellip; <a href=\"https:\/\/www.bison-service.ltd\/?page_id=1138\" class=\"more-link\">Continue reading<span class=\"screen-reader-text\"> &#8222;Aktuelles&#8220;<\/span><\/a><\/p>\n","protected":false},"author":1,"featured_media":0,"parent":0,"menu_order":0,"comment_status":"closed","ping_status":"closed","template":"","meta":{"footnotes":""},"class_list":["post-1138","page","type-page","status-publish","hentry"],"_links":{"self":[{"href":"https:\/\/www.bison-service.ltd\/index.php?rest_route=\/wp\/v2\/pages\/1138","targetHints":{"allow":["GET"]}}],"collection":[{"href":"https:\/\/www.bison-service.ltd\/index.php?rest_route=\/wp\/v2\/pages"}],"about":[{"href":"https:\/\/www.bison-service.ltd\/index.php?rest_route=\/wp\/v2\/types\/page"}],"author":[{"embeddable":true,"href":"https:\/\/www.bison-service.ltd\/index.php?rest_route=\/wp\/v2\/users\/1"}],"replies":[{"embeddable":true,"href":"https:\/\/www.bison-service.ltd\/index.php?rest_route=%2Fwp%2Fv2%2Fcomments&post=1138"}],"version-history":[{"count":15,"href":"https:\/\/www.bison-service.ltd\/index.php?rest_route=\/wp\/v2\/pages\/1138\/revisions"}],"predecessor-version":[{"id":1405,"href":"https:\/\/www.bison-service.ltd\/index.php?rest_route=\/wp\/v2\/pages\/1138\/revisions\/1405"}],"wp:attachment":[{"href":"https:\/\/www.bison-service.ltd\/index.php?rest_route=%2Fwp%2Fv2%2Fmedia&parent=1138"}],"curies":[{"name":"wp","href":"https:\/\/api.w.org\/{rel}","templated":true}]}}